{"id":5158,"date":"2013-05-03T16:54:54","date_gmt":"2013-05-03T16:54:54","guid":{"rendered":"https:\/\/moondoghosting.com\/nicoya\/?page_id=5158"},"modified":"2023-02-02T13:22:58","modified_gmt":"2023-02-02T19:22:58","slug":"la-peninsula-de-nicoya","status":"publish","type":"page","link":"https:\/\/nicoyaproperties.com\/es\/la-peninsula-de-nicoya\/","title":{"rendered":"La Pen\u00ednsula de Nicoya"},"content":{"rendered":"<p>La mayor pen\u00ednsula de Costa Rica no es solo  un compendio de todas las m\u00e1s atractivas y solitarias  playas del Pa\u00eds, sino tambi\u00e9n el \u201cSitio ideal para vivir\u201d seg\u00fan la revista International Living (http:\/\/internationalliving.com\/) considerando  la Peninsula uno de los cinco lugares m\u00e1s saludables del mundo para habitar. El clima  seco y caluroso t\u00edpico de la regi\u00f3n Pacifico Norte de Costa Rica favorece el turismo todo el a\u00f1o, el 30% del cual llega  para observar las aves ya que en el Pa\u00eds existen  880 especies  residentes y migratorias, 56 de ellas end\u00e9micas y que se pueden admirar en el Parque Nacional Palo Verde en Guanacaste entre otros lugares. La parte sur de la Peninsula de Nicoya no es la excepci\u00f3n con  la Reserva Nacional Absoluta de Cabo Blanco y  sus 1250 hect\u00e1rea de bosque secundario, refugio para muchas especies amenazadas y con una vegetaci\u00f3n que se ha regenerado en el transcurso de  los \u00faltimos 50 a\u00f1os. Est\u00e1  localizada  a pocos kil\u00f3metros de distancia de Montezuma, Mal Pa\u00eds y Las Delicias un \u00e1rea con gran plusval\u00eda que se encuentra estrat\u00e9gicamente ubicada cerca de C\u00f3bano, el principal centro de la zona.<\/p>\n<p><iframe src=\"https:\/\/www.google.com\/maps\/embed?pb=!1m18!1m12!1m3!1d503004.2884879985!2d-85.35140296639638!3d9.957154781202558!2m3!1f0!2f0!3f0!3m2!1i1024!2i768!4f13.1!3m3!1m2!1s0x8f9f9da13dcfe901%3A0x5b3cc982ae568bec!2sNicoya%20Peninsula!5e0!3m2!1sen!2sus!4v1674143788788!5m2!1sen!2sus\" width=\"100%\" height=\"480\" style=\"border:0;\" allowfullscreen=\"\" loading=\"lazy\" referrerpolicy=\"no-referrer-when-downgrade\"><\/iframe><br \/>\n&nbsp;<\/p>\n","protected":false},"excerpt":{"rendered":"<p>La mayor pen\u00ednsula de Costa Rica no es solo un compendio de todas las m\u00e1s atractivas y solitarias playas del Pa\u00eds, sino tambi\u00e9n el \u201cSitio ideal para vivir\u201d seg\u00fan la revista International Living (http:\/\/internationalliving.com\/) considerando la Peninsula uno de los cinco lugares m\u00e1s saludables del mundo para habitar. El clima seco y caluroso t\u00edpico de [&hellip;]<\/p>\n","protected":false},"author":3,"featured_media":0,"parent":0,"menu_order":10,"comment_status":"closed","ping_status":"closed","template":"","meta":{"_et_pb_use_builder":"","_et_pb_old_content":"","_et_gb_content_width":"","footnotes":""},"class_list":["post-5158","page","type-page","status-publish","hentry"],"yoast_head":"<!-- This site is optimized with the Yoast SEO plugin v27.4 - https:\/\/yoast.com\/product\/yoast-seo-wordpress\/ -->\n<title>La Pen\u00ednsula de Nicoya - Nicoya Properties<\/title>\n<meta name=\"robots\" content=\"index, follow, max-snippet:-1, max-image-preview:large, max-video-preview:-1\" \/>\n<link rel=\"canonical\" href=\"https:\/\/nicoyaproperties.com\/es\/la-peninsula-de-nicoya\/\" \/>\n<meta property=\"og:locale\" content=\"es_ES\" \/>\n<meta property=\"og:type\" content=\"article\" \/>\n<meta property=\"og:title\" content=\"La Pen\u00ednsula de Nicoya - Nicoya Properties\" \/>\n<meta property=\"og:description\" content=\"La mayor pen\u00ednsula de Costa Rica no es solo un compendio de todas las m\u00e1s atractivas y solitarias playas del Pa\u00eds, sino tambi\u00e9n el \u201cSitio ideal para vivir\u201d seg\u00fan la revista International Living (http:\/\/internationalliving.com\/) considerando la Peninsula uno de los cinco lugares m\u00e1s saludables del mundo para habitar. El clima seco y caluroso t\u00edpico de [&hellip;]\" \/>\n<meta property=\"og:url\" content=\"https:\/\/nicoyaproperties.com\/es\/la-peninsula-de-nicoya\/\" \/>\n<meta property=\"og:site_name\" content=\"Nicoya Properties\" \/>\n<meta property=\"article:modified_time\" content=\"2023-02-02T19:22:58+00:00\" \/>\n<meta name=\"twitter:label1\" content=\"Tiempo de lectura\" \/>\n\t<meta name=\"twitter:data1\" content=\"1 minute\" \/>\n<script type=\"application\/ld+json\" class=\"yoast-schema-graph\">{\"@context\":\"https:\\\/\\\/schema.org\",\"@graph\":[{\"@type\":\"WebPage\",\"@id\":\"https:\\\/\\\/nicoyaproperties.com\\\/es\\\/la-peninsula-de-nicoya\\\/\",\"url\":\"https:\\\/\\\/nicoyaproperties.com\\\/es\\\/la-peninsula-de-nicoya\\\/\",\"name\":\"La Pen\u00ednsula de Nicoya - Nicoya Properties\",\"isPartOf\":{\"@id\":\"https:\\\/\\\/nicoyaproperties.com\\\/es\\\/#website\"},\"datePublished\":\"2013-05-03T16:54:54+00:00\",\"dateModified\":\"2023-02-02T19:22:58+00:00\",\"breadcrumb\":{\"@id\":\"https:\\\/\\\/nicoyaproperties.com\\\/es\\\/la-peninsula-de-nicoya\\\/#breadcrumb\"},\"inLanguage\":\"es-ES\",\"potentialAction\":[{\"@type\":\"ReadAction\",\"target\":[\"https:\\\/\\\/nicoyaproperties.com\\\/es\\\/la-peninsula-de-nicoya\\\/\"]}]},{\"@type\":\"BreadcrumbList\",\"@id\":\"https:\\\/\\\/nicoyaproperties.com\\\/es\\\/la-peninsula-de-nicoya\\\/#breadcrumb\",\"itemListElement\":[{\"@type\":\"ListItem\",\"position\":1,\"name\":\"Home\",\"item\":\"https:\\\/\\\/nicoyaproperties.com\\\/es\\\/\"},{\"@type\":\"ListItem\",\"position\":2,\"name\":\"La Pen\u00ednsula de Nicoya\"}]},{\"@type\":\"WebSite\",\"@id\":\"https:\\\/\\\/nicoyaproperties.com\\\/es\\\/#website\",\"url\":\"https:\\\/\\\/nicoyaproperties.com\\\/es\\\/\",\"name\":\"Nicoya Properties\",\"description\":\"Your dream property in the Nicoya Peninsula\",\"publisher\":{\"@id\":\"https:\\\/\\\/nicoyaproperties.com\\\/es\\\/#organization\"},\"potentialAction\":[{\"@type\":\"SearchAction\",\"target\":{\"@type\":\"EntryPoint\",\"urlTemplate\":\"https:\\\/\\\/nicoyaproperties.com\\\/es\\\/?s={search_term_string}\"},\"query-input\":{\"@type\":\"PropertyValueSpecification\",\"valueRequired\":true,\"valueName\":\"search_term_string\"}}],\"inLanguage\":\"es-ES\"},{\"@type\":\"Organization\",\"@id\":\"https:\\\/\\\/nicoyaproperties.com\\\/es\\\/#organization\",\"name\":\"Nicoya Properties\",\"url\":\"https:\\\/\\\/nicoyaproperties.com\\\/es\\\/\",\"logo\":{\"@type\":\"ImageObject\",\"inLanguage\":\"es-ES\",\"@id\":\"https:\\\/\\\/nicoyaproperties.com\\\/es\\\/#\\\/schema\\\/logo\\\/image\\\/\",\"url\":\"https:\\\/\\\/nicoyaproperties.com\\\/wp-content\\\/uploads\\\/2023\\\/12\\\/featured.jpg\",\"contentUrl\":\"https:\\\/\\\/nicoyaproperties.com\\\/wp-content\\\/uploads\\\/2023\\\/12\\\/featured.jpg\",\"width\":512,\"height\":245,\"caption\":\"Nicoya Properties\"},\"image\":{\"@id\":\"https:\\\/\\\/nicoyaproperties.com\\\/es\\\/#\\\/schema\\\/logo\\\/image\\\/\"}}]}<\/script>\n<!-- \/ Yoast SEO plugin. -->","yoast_head_json":{"title":"La Pen\u00ednsula de Nicoya - Nicoya Properties","robots":{"index":"index","follow":"follow","max-snippet":"max-snippet:-1","max-image-preview":"max-image-preview:large","max-video-preview":"max-video-preview:-1"},"canonical":"https:\/\/nicoyaproperties.com\/es\/la-peninsula-de-nicoya\/","og_locale":"es_ES","og_type":"article","og_title":"La Pen\u00ednsula de Nicoya - Nicoya Properties","og_description":"La mayor pen\u00ednsula de Costa Rica no es solo un compendio de todas las m\u00e1s atractivas y solitarias playas del Pa\u00eds, sino tambi\u00e9n el \u201cSitio ideal para vivir\u201d seg\u00fan la revista International Living (http:\/\/internationalliving.com\/) considerando la Peninsula uno de los cinco lugares m\u00e1s saludables del mundo para habitar. El clima seco y caluroso t\u00edpico de [&hellip;]","og_url":"https:\/\/nicoyaproperties.com\/es\/la-peninsula-de-nicoya\/","og_site_name":"Nicoya Properties","article_modified_time":"2023-02-02T19:22:58+00:00","twitter_misc":{"Tiempo de lectura":"1 minute"},"schema":{"@context":"https:\/\/schema.org","@graph":[{"@type":"WebPage","@id":"https:\/\/nicoyaproperties.com\/es\/la-peninsula-de-nicoya\/","url":"https:\/\/nicoyaproperties.com\/es\/la-peninsula-de-nicoya\/","name":"La Pen\u00ednsula de Nicoya - Nicoya Properties","isPartOf":{"@id":"https:\/\/nicoyaproperties.com\/es\/#website"},"datePublished":"2013-05-03T16:54:54+00:00","dateModified":"2023-02-02T19:22:58+00:00","breadcrumb":{"@id":"https:\/\/nicoyaproperties.com\/es\/la-peninsula-de-nicoya\/#breadcrumb"},"inLanguage":"es-ES","potentialAction":[{"@type":"ReadAction","target":["https:\/\/nicoyaproperties.com\/es\/la-peninsula-de-nicoya\/"]}]},{"@type":"BreadcrumbList","@id":"https:\/\/nicoyaproperties.com\/es\/la-peninsula-de-nicoya\/#breadcrumb","itemListElement":[{"@type":"ListItem","position":1,"name":"Home","item":"https:\/\/nicoyaproperties.com\/es\/"},{"@type":"ListItem","position":2,"name":"La Pen\u00ednsula de Nicoya"}]},{"@type":"WebSite","@id":"https:\/\/nicoyaproperties.com\/es\/#website","url":"https:\/\/nicoyaproperties.com\/es\/","name":"Nicoya Properties","description":"Your dream property in the Nicoya Peninsula","publisher":{"@id":"https:\/\/nicoyaproperties.com\/es\/#organization"},"potentialAction":[{"@type":"SearchAction","target":{"@type":"EntryPoint","urlTemplate":"https:\/\/nicoyaproperties.com\/es\/?s={search_term_string}"},"query-input":{"@type":"PropertyValueSpecification","valueRequired":true,"valueName":"search_term_string"}}],"inLanguage":"es-ES"},{"@type":"Organization","@id":"https:\/\/nicoyaproperties.com\/es\/#organization","name":"Nicoya Properties","url":"https:\/\/nicoyaproperties.com\/es\/","logo":{"@type":"ImageObject","inLanguage":"es-ES","@id":"https:\/\/nicoyaproperties.com\/es\/#\/schema\/logo\/image\/","url":"https:\/\/nicoyaproperties.com\/wp-content\/uploads\/2023\/12\/featured.jpg","contentUrl":"https:\/\/nicoyaproperties.com\/wp-content\/uploads\/2023\/12\/featured.jpg","width":512,"height":245,"caption":"Nicoya Properties"},"image":{"@id":"https:\/\/nicoyaproperties.com\/es\/#\/schema\/logo\/image\/"}}]}},"_links":{"self":[{"href":"https:\/\/nicoyaproperties.com\/es\/wp-json\/wp\/v2\/pages\/5158","targetHints":{"allow":["GET"]}}],"collection":[{"href":"https:\/\/nicoyaproperties.com\/es\/wp-json\/wp\/v2\/pages"}],"about":[{"href":"https:\/\/nicoyaproperties.com\/es\/wp-json\/wp\/v2\/types\/page"}],"author":[{"embeddable":true,"href":"https:\/\/nicoyaproperties.com\/es\/wp-json\/wp\/v2\/users\/3"}],"replies":[{"embeddable":true,"href":"https:\/\/nicoyaproperties.com\/es\/wp-json\/wp\/v2\/comments?post=5158"}],"version-history":[{"count":6,"href":"https:\/\/nicoyaproperties.com\/es\/wp-json\/wp\/v2\/pages\/5158\/revisions"}],"predecessor-version":[{"id":5843,"href":"https:\/\/nicoyaproperties.com\/es\/wp-json\/wp\/v2\/pages\/5158\/revisions\/5843"}],"wp:attachment":[{"href":"https:\/\/nicoyaproperties.com\/es\/wp-json\/wp\/v2\/media?parent=5158"}],"curies":[{"name":"wp","href":"https:\/\/api.w.org\/{rel}","templated":true}]}}