{"id":5215,"date":"2013-05-03T19:53:20","date_gmt":"2013-05-03T19:53:20","guid":{"rendered":"https:\/\/moondoghosting.com\/nicoya\/project-las-delicias-2\/"},"modified":"2023-02-02T13:26:52","modified_gmt":"2023-02-02T19:26:52","slug":"project-las-delicias","status":"publish","type":"page","link":"https:\/\/nicoyaproperties.com\/es\/project-las-delicias\/","title":{"rendered":"Proyecto Las Delicias"},"content":{"rendered":"<p>Las propiedades se ubican a 6 kil\u00f3metros al sureste del centro de C\u00f3bano ya 2 kil\u00f3metros al oeste de playa Montezuma.<br \/>\nLa finca tiene una topograf\u00eda de pendiente suave que va del 2% al 5% (medida en el sitio con un inclin\u00f3metro), que desciende de oeste a este hacia la costa. Tambi\u00e9n tiene \u00e1reas de topograf\u00eda plana. Esta condici\u00f3n topogr\u00e1fica permite que los edificios se construyan sin interferir con la vista panor\u00e1mica del mar de cada uno. Las propiedades son 90% utilizables.<\/p>\n<p>La finca tiene un 70% de espl\u00e9ndida vista panor\u00e1mica al mar y monta\u00f1as circundantes.<\/p>\n<p>Est\u00e1 cerca de otras playas de la zona como Tambor, Mal Pa\u00eds y Santa Teresa.<\/p>\n<p>Tiene 2 kil\u00f3metros de v\u00eda p\u00fablica.<\/p>\n<p>Tambi\u00e9n tiene luz, y acceso a agua de pozo y acueducto.<\/p>\n<p><a href=\"https:\/\/nicoyaproperties.com\/wp-content\/uploads\/2013\/12\/Ante-Proyecto-Las-Delicias.pdf\" target=\"_blank\" rel=\"noopener\"><br \/>\n<img loading=\"lazy\" decoding=\"async\" src=\"https:\/\/nicoyaproperties.com\/wp-content\/uploads\/2023\/01\/Ante-Proyecto-Las-Delicias.jpg\" alt=\"Ante Proyecto Las Delicias\" width=\"1443\" height=\"960\" class=\"alignnone size-full wp-image-5579\" srcset=\"https:\/\/nicoyaproperties.com\/wp-content\/uploads\/2023\/01\/Ante-Proyecto-Las-Delicias.jpg 1443w, https:\/\/nicoyaproperties.com\/wp-content\/uploads\/2023\/01\/Ante-Proyecto-Las-Delicias-1280x852.jpg 1280w, https:\/\/nicoyaproperties.com\/wp-content\/uploads\/2023\/01\/Ante-Proyecto-Las-Delicias-980x652.jpg 980w, https:\/\/nicoyaproperties.com\/wp-content\/uploads\/2023\/01\/Ante-Proyecto-Las-Delicias-480x319.jpg 480w\" sizes=\"(min-width: 0px) and (max-width: 480px) 480px, (min-width: 481px) and (max-width: 980px) 980px, (min-width: 981px) and (max-width: 1280px) 1280px, (min-width: 1281px) 1443px, 100vw\" \/><br \/>\nClick here to download the zoning plan for Finca La Esperanza in PDF format<\/a><br \/>\n&nbsp;<\/p>\n","protected":false},"excerpt":{"rendered":"<p>Las propiedades se ubican a 6 kil\u00f3metros al sureste del centro de C\u00f3bano ya 2 kil\u00f3metros al oeste de playa Montezuma. La finca tiene una topograf\u00eda de pendiente suave que va del 2% al 5% (medida en el sitio con un inclin\u00f3metro), que desciende de oeste a este hacia la costa. Tambi\u00e9n tiene \u00e1reas de [&hellip;]<\/p>\n","protected":false},"author":3,"featured_media":5455,"parent":0,"menu_order":0,"comment_status":"closed","ping_status":"closed","template":"","meta":{"_et_pb_use_builder":"","_et_pb_old_content":"","_et_gb_content_width":"","footnotes":""},"class_list":["post-5215","page","type-page","status-publish","has-post-thumbnail","hentry"],"yoast_head":"<!-- This site is optimized with the Yoast SEO plugin v27.4 - https:\/\/yoast.com\/product\/yoast-seo-wordpress\/ -->\n<title>Proyecto Las Delicias - Nicoya Properties<\/title>\n<meta name=\"robots\" content=\"index, follow, max-snippet:-1, max-image-preview:large, max-video-preview:-1\" \/>\n<link rel=\"canonical\" href=\"https:\/\/nicoyaproperties.com\/es\/project-las-delicias\/\" \/>\n<meta property=\"og:locale\" content=\"es_ES\" \/>\n<meta property=\"og:type\" content=\"article\" \/>\n<meta property=\"og:title\" content=\"Proyecto Las Delicias - Nicoya Properties\" \/>\n<meta property=\"og:description\" content=\"Las propiedades se ubican a 6 kil\u00f3metros al sureste del centro de C\u00f3bano ya 2 kil\u00f3metros al oeste de playa Montezuma. La finca tiene una topograf\u00eda de pendiente suave que va del 2% al 5% (medida en el sitio con un inclin\u00f3metro), que desciende de oeste a este hacia la costa. Tambi\u00e9n tiene \u00e1reas de [&hellip;]\" \/>\n<meta property=\"og:url\" content=\"https:\/\/nicoyaproperties.com\/es\/project-las-delicias\/\" \/>\n<meta property=\"og:site_name\" content=\"Nicoya Properties\" \/>\n<meta property=\"article:modified_time\" content=\"2023-02-02T19:26:52+00:00\" \/>\n<meta property=\"og:image\" content=\"https:\/\/nicoyaproperties.com\/wp-content\/uploads\/2013\/05\/proyecto-las-delicias.jpg\" \/>\n\t<meta property=\"og:image:width\" content=\"1200\" \/>\n\t<meta property=\"og:image:height\" content=\"900\" \/>\n\t<meta property=\"og:image:type\" content=\"image\/jpeg\" \/>\n<meta name=\"twitter:label1\" content=\"Tiempo de lectura\" \/>\n\t<meta name=\"twitter:data1\" content=\"1 minute\" \/>\n<script type=\"application\/ld+json\" class=\"yoast-schema-graph\">{\"@context\":\"https:\\\/\\\/schema.org\",\"@graph\":[{\"@type\":\"WebPage\",\"@id\":\"https:\\\/\\\/nicoyaproperties.com\\\/es\\\/project-las-delicias\\\/\",\"url\":\"https:\\\/\\\/nicoyaproperties.com\\\/es\\\/project-las-delicias\\\/\",\"name\":\"Proyecto Las Delicias - Nicoya Properties\",\"isPartOf\":{\"@id\":\"https:\\\/\\\/nicoyaproperties.com\\\/es\\\/#website\"},\"primaryImageOfPage\":{\"@id\":\"https:\\\/\\\/nicoyaproperties.com\\\/es\\\/project-las-delicias\\\/#primaryimage\"},\"image\":{\"@id\":\"https:\\\/\\\/nicoyaproperties.com\\\/es\\\/project-las-delicias\\\/#primaryimage\"},\"thumbnailUrl\":\"https:\\\/\\\/nicoyaproperties.com\\\/wp-content\\\/uploads\\\/2013\\\/05\\\/proyecto-las-delicias.jpg\",\"datePublished\":\"2013-05-03T19:53:20+00:00\",\"dateModified\":\"2023-02-02T19:26:52+00:00\",\"breadcrumb\":{\"@id\":\"https:\\\/\\\/nicoyaproperties.com\\\/es\\\/project-las-delicias\\\/#breadcrumb\"},\"inLanguage\":\"es-ES\",\"potentialAction\":[{\"@type\":\"ReadAction\",\"target\":[\"https:\\\/\\\/nicoyaproperties.com\\\/es\\\/project-las-delicias\\\/\"]}]},{\"@type\":\"ImageObject\",\"inLanguage\":\"es-ES\",\"@id\":\"https:\\\/\\\/nicoyaproperties.com\\\/es\\\/project-las-delicias\\\/#primaryimage\",\"url\":\"https:\\\/\\\/nicoyaproperties.com\\\/wp-content\\\/uploads\\\/2013\\\/05\\\/proyecto-las-delicias.jpg\",\"contentUrl\":\"https:\\\/\\\/nicoyaproperties.com\\\/wp-content\\\/uploads\\\/2013\\\/05\\\/proyecto-las-delicias.jpg\",\"width\":1200,\"height\":900},{\"@type\":\"BreadcrumbList\",\"@id\":\"https:\\\/\\\/nicoyaproperties.com\\\/es\\\/project-las-delicias\\\/#breadcrumb\",\"itemListElement\":[{\"@type\":\"ListItem\",\"position\":1,\"name\":\"Home\",\"item\":\"https:\\\/\\\/nicoyaproperties.com\\\/es\\\/\"},{\"@type\":\"ListItem\",\"position\":2,\"name\":\"Proyecto Las Delicias\"}]},{\"@type\":\"WebSite\",\"@id\":\"https:\\\/\\\/nicoyaproperties.com\\\/es\\\/#website\",\"url\":\"https:\\\/\\\/nicoyaproperties.com\\\/es\\\/\",\"name\":\"Nicoya Properties\",\"description\":\"Your dream property in the Nicoya Peninsula\",\"publisher\":{\"@id\":\"https:\\\/\\\/nicoyaproperties.com\\\/es\\\/#organization\"},\"potentialAction\":[{\"@type\":\"SearchAction\",\"target\":{\"@type\":\"EntryPoint\",\"urlTemplate\":\"https:\\\/\\\/nicoyaproperties.com\\\/es\\\/?s={search_term_string}\"},\"query-input\":{\"@type\":\"PropertyValueSpecification\",\"valueRequired\":true,\"valueName\":\"search_term_string\"}}],\"inLanguage\":\"es-ES\"},{\"@type\":\"Organization\",\"@id\":\"https:\\\/\\\/nicoyaproperties.com\\\/es\\\/#organization\",\"name\":\"Nicoya Properties\",\"url\":\"https:\\\/\\\/nicoyaproperties.com\\\/es\\\/\",\"logo\":{\"@type\":\"ImageObject\",\"inLanguage\":\"es-ES\",\"@id\":\"https:\\\/\\\/nicoyaproperties.com\\\/es\\\/#\\\/schema\\\/logo\\\/image\\\/\",\"url\":\"https:\\\/\\\/nicoyaproperties.com\\\/wp-content\\\/uploads\\\/2023\\\/12\\\/featured.jpg\",\"contentUrl\":\"https:\\\/\\\/nicoyaproperties.com\\\/wp-content\\\/uploads\\\/2023\\\/12\\\/featured.jpg\",\"width\":512,\"height\":245,\"caption\":\"Nicoya Properties\"},\"image\":{\"@id\":\"https:\\\/\\\/nicoyaproperties.com\\\/es\\\/#\\\/schema\\\/logo\\\/image\\\/\"}}]}<\/script>\n<!-- \/ Yoast SEO plugin. -->","yoast_head_json":{"title":"Proyecto Las Delicias - Nicoya Properties","robots":{"index":"index","follow":"follow","max-snippet":"max-snippet:-1","max-image-preview":"max-image-preview:large","max-video-preview":"max-video-preview:-1"},"canonical":"https:\/\/nicoyaproperties.com\/es\/project-las-delicias\/","og_locale":"es_ES","og_type":"article","og_title":"Proyecto Las Delicias - Nicoya Properties","og_description":"Las propiedades se ubican a 6 kil\u00f3metros al sureste del centro de C\u00f3bano ya 2 kil\u00f3metros al oeste de playa Montezuma. La finca tiene una topograf\u00eda de pendiente suave que va del 2% al 5% (medida en el sitio con un inclin\u00f3metro), que desciende de oeste a este hacia la costa. Tambi\u00e9n tiene \u00e1reas de [&hellip;]","og_url":"https:\/\/nicoyaproperties.com\/es\/project-las-delicias\/","og_site_name":"Nicoya Properties","article_modified_time":"2023-02-02T19:26:52+00:00","og_image":[{"width":1200,"height":900,"url":"https:\/\/nicoyaproperties.com\/wp-content\/uploads\/2013\/05\/proyecto-las-delicias.jpg","type":"image\/jpeg"}],"twitter_misc":{"Tiempo de lectura":"1 minute"},"schema":{"@context":"https:\/\/schema.org","@graph":[{"@type":"WebPage","@id":"https:\/\/nicoyaproperties.com\/es\/project-las-delicias\/","url":"https:\/\/nicoyaproperties.com\/es\/project-las-delicias\/","name":"Proyecto Las Delicias - Nicoya Properties","isPartOf":{"@id":"https:\/\/nicoyaproperties.com\/es\/#website"},"primaryImageOfPage":{"@id":"https:\/\/nicoyaproperties.com\/es\/project-las-delicias\/#primaryimage"},"image":{"@id":"https:\/\/nicoyaproperties.com\/es\/project-las-delicias\/#primaryimage"},"thumbnailUrl":"https:\/\/nicoyaproperties.com\/wp-content\/uploads\/2013\/05\/proyecto-las-delicias.jpg","datePublished":"2013-05-03T19:53:20+00:00","dateModified":"2023-02-02T19:26:52+00:00","breadcrumb":{"@id":"https:\/\/nicoyaproperties.com\/es\/project-las-delicias\/#breadcrumb"},"inLanguage":"es-ES","potentialAction":[{"@type":"ReadAction","target":["https:\/\/nicoyaproperties.com\/es\/project-las-delicias\/"]}]},{"@type":"ImageObject","inLanguage":"es-ES","@id":"https:\/\/nicoyaproperties.com\/es\/project-las-delicias\/#primaryimage","url":"https:\/\/nicoyaproperties.com\/wp-content\/uploads\/2013\/05\/proyecto-las-delicias.jpg","contentUrl":"https:\/\/nicoyaproperties.com\/wp-content\/uploads\/2013\/05\/proyecto-las-delicias.jpg","width":1200,"height":900},{"@type":"BreadcrumbList","@id":"https:\/\/nicoyaproperties.com\/es\/project-las-delicias\/#breadcrumb","itemListElement":[{"@type":"ListItem","position":1,"name":"Home","item":"https:\/\/nicoyaproperties.com\/es\/"},{"@type":"ListItem","position":2,"name":"Proyecto Las Delicias"}]},{"@type":"WebSite","@id":"https:\/\/nicoyaproperties.com\/es\/#website","url":"https:\/\/nicoyaproperties.com\/es\/","name":"Nicoya Properties","description":"Your dream property in the Nicoya Peninsula","publisher":{"@id":"https:\/\/nicoyaproperties.com\/es\/#organization"},"potentialAction":[{"@type":"SearchAction","target":{"@type":"EntryPoint","urlTemplate":"https:\/\/nicoyaproperties.com\/es\/?s={search_term_string}"},"query-input":{"@type":"PropertyValueSpecification","valueRequired":true,"valueName":"search_term_string"}}],"inLanguage":"es-ES"},{"@type":"Organization","@id":"https:\/\/nicoyaproperties.com\/es\/#organization","name":"Nicoya Properties","url":"https:\/\/nicoyaproperties.com\/es\/","logo":{"@type":"ImageObject","inLanguage":"es-ES","@id":"https:\/\/nicoyaproperties.com\/es\/#\/schema\/logo\/image\/","url":"https:\/\/nicoyaproperties.com\/wp-content\/uploads\/2023\/12\/featured.jpg","contentUrl":"https:\/\/nicoyaproperties.com\/wp-content\/uploads\/2023\/12\/featured.jpg","width":512,"height":245,"caption":"Nicoya Properties"},"image":{"@id":"https:\/\/nicoyaproperties.com\/es\/#\/schema\/logo\/image\/"}}]}},"_links":{"self":[{"href":"https:\/\/nicoyaproperties.com\/es\/wp-json\/wp\/v2\/pages\/5215","targetHints":{"allow":["GET"]}}],"collection":[{"href":"https:\/\/nicoyaproperties.com\/es\/wp-json\/wp\/v2\/pages"}],"about":[{"href":"https:\/\/nicoyaproperties.com\/es\/wp-json\/wp\/v2\/types\/page"}],"author":[{"embeddable":true,"href":"https:\/\/nicoyaproperties.com\/es\/wp-json\/wp\/v2\/users\/3"}],"replies":[{"embeddable":true,"href":"https:\/\/nicoyaproperties.com\/es\/wp-json\/wp\/v2\/comments?post=5215"}],"version-history":[{"count":17,"href":"https:\/\/nicoyaproperties.com\/es\/wp-json\/wp\/v2\/pages\/5215\/revisions"}],"predecessor-version":[{"id":5849,"href":"https:\/\/nicoyaproperties.com\/es\/wp-json\/wp\/v2\/pages\/5215\/revisions\/5849"}],"wp:featuredmedia":[{"embeddable":true,"href":"https:\/\/nicoyaproperties.com\/es\/wp-json\/wp\/v2\/media\/5455"}],"wp:attachment":[{"href":"https:\/\/nicoyaproperties.com\/es\/wp-json\/wp\/v2\/media?parent=5215"}],"curies":[{"name":"wp","href":"https:\/\/api.w.org\/{rel}","templated":true}]}}