{"id":5690,"date":"2023-01-14T11:11:55","date_gmt":"2023-01-14T17:11:55","guid":{"rendered":"https:\/\/moondoghosting.com\/nicoya\/villa-guayacan\/"},"modified":"2023-02-16T11:20:42","modified_gmt":"2023-02-16T17:20:42","slug":"villa-guayacan","status":"publish","type":"page","link":"https:\/\/nicoyaproperties.com\/es\/villa-guayacan\/","title":{"rendered":"Villa Guayac\u00e1n"},"content":{"rendered":"<p>Montezuma es un peque\u00f1o pueblo de playa con altos acantilados, rodeado de r\u00edos, cascadas y una naturaleza exuberante, meta tur\u00edstica entre las mas importantes de Costa Rica. Situado en la parte sur de la Pen\u00ednsula de Nicoya, es visitado por turistas de todo el mundo por sus bellezas naturales y adem\u00e1s atra\u00eddos por la historia y vivencias de una pareja de extranjeros que vivieron en este pueblo los cuales fueron impulsores de las \u00e1reas protegidas y los parques nacionales en Costa Rica. Muy cerca del centro de Montezuma y en un sector de alta plusval\u00eda, se encuentra Villa Guayac\u00e1n, sumergida en 15,966 M2 de naturaleza y rodeada de arboles de toda clase como el guanacaste, cen\u00edzaro, cedro, laurel, almendro, guayac\u00e1n real, corteza amarilla, pochote y otras especies frutales como mango, aguacate, naranjo etc.<\/p>\n<p>La solida construcci\u00f3n de la Villa se inspir\u00f3 en las cl\u00e1sicas haciendas colombianas con  un jard\u00edn interno central y est\u00e1 compuesta por tres dormitorios, tres ba\u00f1os, una cocina, un comedor, dos salas y dos terrazas y mide 601 metros cuadrados. Se ubican tambi\u00e9n un garaje y tres bodegas. Existe un pozo perforado de 32 metros de profundidad, un tanque de almacenamiento de agua y un port\u00f3n autom\u00e1tico a la entrada. La l\u00ednea el\u00e9ctrica es subterr\u00e1nea y aunque se cuenta con pozo de agua potable tambi\u00e9n hay servicio de agua suministrada por la empresa publica local.<br \/>\n&nbsp;<br \/>\n<div class=\"et_pb_slider et_pb_slider_fullwidth_off et_pb_gallery_post_type\">\n\t\t\t\t<div class=\"et_pb_slides\">\n\t\t\t\t\t<div class=\"et_pb_slide\" style=\"background: url(https:\/\/nicoyaproperties.com\/wp-content\/uploads\/2023\/01\/DJI_0089.jpg);\"><\/div><div class=\"et_pb_slide\" style=\"background: url(https:\/\/nicoyaproperties.com\/wp-content\/uploads\/2023\/01\/DJI_0103.jpg);\"><\/div><div class=\"et_pb_slide\" style=\"background: url(https:\/\/nicoyaproperties.com\/wp-content\/uploads\/2023\/01\/DJI_0106.jpg);\"><\/div><div class=\"et_pb_slide\" style=\"background: url(https:\/\/nicoyaproperties.com\/wp-content\/uploads\/2023\/01\/DJI_0119.jpg);\"><\/div><div class=\"et_pb_slide\" style=\"background: url(https:\/\/nicoyaproperties.com\/wp-content\/uploads\/2023\/01\/DJI_0171.jpg);\"><\/div><div class=\"et_pb_slide\" style=\"background: url(https:\/\/nicoyaproperties.com\/wp-content\/uploads\/2023\/01\/FY0I0965.jpg);\"><\/div><div class=\"et_pb_slide\" style=\"background: url(https:\/\/nicoyaproperties.com\/wp-content\/uploads\/2023\/01\/FY0I0970.jpg);\"><\/div><div class=\"et_pb_slide\" style=\"background: url(https:\/\/nicoyaproperties.com\/wp-content\/uploads\/2023\/01\/FY0I0974.jpg);\"><\/div><div class=\"et_pb_slide\" style=\"background: url(https:\/\/nicoyaproperties.com\/wp-content\/uploads\/2023\/01\/FY0I0976.jpg);\"><\/div><div class=\"et_pb_slide\" style=\"background: url(https:\/\/nicoyaproperties.com\/wp-content\/uploads\/2023\/01\/FY0I0978.jpg);\"><\/div><div class=\"et_pb_slide\" style=\"background: url(https:\/\/nicoyaproperties.com\/wp-content\/uploads\/2023\/01\/FY0I0979.jpg);\"><\/div><div class=\"et_pb_slide\" style=\"background: url(https:\/\/nicoyaproperties.com\/wp-content\/uploads\/2023\/01\/FY0I0980.jpg);\"><\/div><div class=\"et_pb_slide\" style=\"background: url(https:\/\/nicoyaproperties.com\/wp-content\/uploads\/2023\/01\/FY0I0991.jpg);\"><\/div><div class=\"et_pb_slide\" style=\"background: url(https:\/\/nicoyaproperties.com\/wp-content\/uploads\/2023\/01\/FY0I1018.jpg);\"><\/div><div class=\"et_pb_slide\" style=\"background: url(https:\/\/nicoyaproperties.com\/wp-content\/uploads\/2023\/01\/FY0I1021.jpg);\"><\/div><div class=\"et_pb_slide\" style=\"background: url(https:\/\/nicoyaproperties.com\/wp-content\/uploads\/2023\/01\/FY0I1042.jpg);\"><\/div><div class=\"et_pb_slide\" style=\"background: url(https:\/\/nicoyaproperties.com\/wp-content\/uploads\/2023\/01\/FY0I1044.jpg);\"><\/div><div class=\"et_pb_slide\" style=\"background: url(https:\/\/nicoyaproperties.com\/wp-content\/uploads\/2023\/01\/FY0I1047.jpg);\"><\/div><div class=\"et_pb_slide\" style=\"background: url(https:\/\/nicoyaproperties.com\/wp-content\/uploads\/2023\/01\/FY0I1050.jpg);\"><\/div><div class=\"et_pb_slide\" style=\"background: url(https:\/\/nicoyaproperties.com\/wp-content\/uploads\/2023\/01\/FY0I1052.jpg);\"><\/div><div class=\"et_pb_slide\" style=\"background: url(https:\/\/nicoyaproperties.com\/wp-content\/uploads\/2023\/01\/FY0I1054.jpg);\"><\/div><div class=\"et_pb_slide\" style=\"background: url(https:\/\/nicoyaproperties.com\/wp-content\/uploads\/2023\/01\/FY0I1065.jpg);\"><\/div><div class=\"et_pb_slide\" style=\"background: url(https:\/\/nicoyaproperties.com\/wp-content\/uploads\/2023\/01\/FY0I1067.jpg);\"><\/div><div class=\"et_pb_slide\" style=\"background: url(https:\/\/nicoyaproperties.com\/wp-content\/uploads\/2023\/01\/FY0I1070.jpg);\"><\/div><div class=\"et_pb_slide\" style=\"background: url(https:\/\/nicoyaproperties.com\/wp-content\/uploads\/2023\/01\/FY0I1073.jpg);\"><\/div><div class=\"et_pb_slide\" style=\"background: url(https:\/\/nicoyaproperties.com\/wp-content\/uploads\/2023\/01\/FY0I1110.jpg);\"><\/div><div class=\"et_pb_slide\" style=\"background: url(https:\/\/nicoyaproperties.com\/wp-content\/uploads\/2023\/01\/FY0I1125.jpg);\"><\/div><div class=\"et_pb_slide\" style=\"background: url(https:\/\/nicoyaproperties.com\/wp-content\/uploads\/2023\/01\/FY0I1151.jpg);\"><\/div><div class=\"et_pb_slide\" style=\"background: url(https:\/\/nicoyaproperties.com\/wp-content\/uploads\/2023\/01\/FY0I1185.jpg);\"><\/div><div class=\"et_pb_slide\" style=\"background: url(https:\/\/nicoyaproperties.com\/wp-content\/uploads\/2023\/01\/FY0I1193.jpg);\"><\/div><div class=\"et_pb_slide\" style=\"background: url(https:\/\/nicoyaproperties.com\/wp-content\/uploads\/2023\/01\/FY0I1194.jpg);\"><\/div><div class=\"et_pb_slide\" style=\"background: url(https:\/\/nicoyaproperties.com\/wp-content\/uploads\/2023\/01\/FY0I1197.jpg);\"><\/div><div class=\"et_pb_slide\" style=\"background: url(https:\/\/nicoyaproperties.com\/wp-content\/uploads\/2023\/01\/FY0I1198.jpg);\"><\/div><div class=\"et_pb_slide\" style=\"background: url(https:\/\/nicoyaproperties.com\/wp-content\/uploads\/2023\/01\/FY0I1426.jpg);\"><\/div><div class=\"et_pb_slide\" style=\"background: url(https:\/\/nicoyaproperties.com\/wp-content\/uploads\/2023\/01\/FY0I1428.jpg);\"><\/div><div class=\"et_pb_slide\" style=\"background: url(https:\/\/nicoyaproperties.com\/wp-content\/uploads\/2023\/01\/FY0I1430.jpg);\"><\/div><div class=\"et_pb_slide\" style=\"background: url(https:\/\/nicoyaproperties.com\/wp-content\/uploads\/2023\/01\/FY0I1432.jpg);\"><\/div><div class=\"et_pb_slide\" style=\"background: url(https:\/\/nicoyaproperties.com\/wp-content\/uploads\/2023\/01\/FY0I1433.jpg);\"><\/div><div class=\"et_pb_slide\" style=\"background: url(https:\/\/nicoyaproperties.com\/wp-content\/uploads\/2023\/01\/FY0I1442.jpg);\"><\/div><div class=\"et_pb_slide\" style=\"background: url(https:\/\/nicoyaproperties.com\/wp-content\/uploads\/2023\/01\/FY0I1443.jpg);\"><\/div><div class=\"et_pb_slide\" style=\"background: url(https:\/\/nicoyaproperties.com\/wp-content\/uploads\/2023\/01\/FY0I1445.jpg);\"><\/div><div class=\"et_pb_slide\" style=\"background: url(https:\/\/nicoyaproperties.com\/wp-content\/uploads\/2023\/01\/FY0I1447.jpg);\"><\/div>\n\t\t\t\t<\/div>\n\t\t\t<\/div><\/p>\n<p style=\"text-align: center;\"><a href=\"https:\/\/nicoyaproperties.com\/wp-content\/uploads\/2023\/02\/villa-guayacan-plano.pdf\" target=\"_blank\" rel=\"noopener\"><img loading=\"lazy\" decoding=\"async\" class=\"aligncenter wp-image-5818\" src=\"https:\/\/nicoyaproperties.com\/wp-content\/uploads\/2023\/02\/villa-guayacan-plano.jpg\" alt=\"Villa Guayac\u00e1n cadastral plan\" width=\"600\" height=\"564\" style=\"border: 1px solid #000000;\" \/>Favor hacer clic para ver el plano catastrado en otra ventana<\/a><\/p>\n<p>&nbsp;<\/p>\n<p>&nbsp;<\/p>\n","protected":false},"excerpt":{"rendered":"<p>Montezuma es un peque\u00f1o pueblo de playa con altos acantilados, rodeado de r\u00edos, cascadas y una naturaleza exuberante, meta tur\u00edstica entre las mas importantes de Costa Rica. Situado en la parte sur de la Pen\u00ednsula de Nicoya, es visitado por turistas de todo el mundo por sus bellezas naturales y adem\u00e1s atra\u00eddos por la historia [&hellip;]<\/p>\n","protected":false},"author":3,"featured_media":0,"parent":0,"menu_order":0,"comment_status":"closed","ping_status":"closed","template":"","meta":{"_et_pb_use_builder":"","_et_pb_old_content":"","_et_gb_content_width":"","footnotes":""},"class_list":["post-5690","page","type-page","status-publish","hentry"],"yoast_head":"<!-- This site is optimized with the Yoast SEO plugin v27.4 - https:\/\/yoast.com\/product\/yoast-seo-wordpress\/ -->\n<title>Villa Guayac\u00e1n - Nicoya Properties<\/title>\n<meta name=\"description\" content=\"Muy cerca del centro de Montezuma y en un sector de alta plusval\u00eda, se encuentra Villa Guayac\u00e1n, sumergida en 15,966 M2 de naturaleza.\" \/>\n<meta name=\"robots\" content=\"index, follow, max-snippet:-1, max-image-preview:large, max-video-preview:-1\" \/>\n<link rel=\"canonical\" href=\"https:\/\/nicoyaproperties.com\/es\/villa-guayacan\/\" \/>\n<meta property=\"og:locale\" content=\"es_ES\" \/>\n<meta property=\"og:type\" content=\"article\" \/>\n<meta property=\"og:title\" content=\"Villa Guayac\u00e1n - Nicoya Properties\" \/>\n<meta property=\"og:description\" content=\"Muy cerca del centro de Montezuma y en un sector de alta plusval\u00eda, se encuentra Villa Guayac\u00e1n, sumergida en 15,966 M2 de naturaleza.\" \/>\n<meta property=\"og:url\" content=\"https:\/\/nicoyaproperties.com\/es\/villa-guayacan\/\" \/>\n<meta property=\"og:site_name\" content=\"Nicoya Properties\" \/>\n<meta property=\"article:modified_time\" content=\"2023-02-16T17:20:42+00:00\" \/>\n<meta property=\"og:image\" content=\"https:\/\/nicoyaproperties.com\/wp-content\/uploads\/2023\/01\/DJI_0089-400x284.jpg\" \/>\n<meta name=\"twitter:label1\" content=\"Tiempo de lectura\" \/>\n\t<meta name=\"twitter:data1\" content=\"2 minutes\" \/>\n<script type=\"application\/ld+json\" class=\"yoast-schema-graph\">{\"@context\":\"https:\\\/\\\/schema.org\",\"@graph\":[{\"@type\":\"WebPage\",\"@id\":\"https:\\\/\\\/nicoyaproperties.com\\\/es\\\/villa-guayacan\\\/\",\"url\":\"https:\\\/\\\/nicoyaproperties.com\\\/es\\\/villa-guayacan\\\/\",\"name\":\"Villa Guayac\u00e1n - Nicoya Properties\",\"isPartOf\":{\"@id\":\"https:\\\/\\\/nicoyaproperties.com\\\/es\\\/#website\"},\"primaryImageOfPage\":{\"@id\":\"https:\\\/\\\/nicoyaproperties.com\\\/es\\\/villa-guayacan\\\/#primaryimage\"},\"image\":{\"@id\":\"https:\\\/\\\/nicoyaproperties.com\\\/es\\\/villa-guayacan\\\/#primaryimage\"},\"thumbnailUrl\":\"https:\\\/\\\/nicoyaproperties.com\\\/wp-content\\\/uploads\\\/2023\\\/02\\\/villa-guayacan-plano.jpg\",\"datePublished\":\"2023-01-14T17:11:55+00:00\",\"dateModified\":\"2023-02-16T17:20:42+00:00\",\"description\":\"Muy cerca del centro de Montezuma y en un sector de alta plusval\u00eda, se encuentra Villa Guayac\u00e1n, sumergida en 15,966 M2 de naturaleza.\",\"breadcrumb\":{\"@id\":\"https:\\\/\\\/nicoyaproperties.com\\\/es\\\/villa-guayacan\\\/#breadcrumb\"},\"inLanguage\":\"es-ES\",\"potentialAction\":[{\"@type\":\"ReadAction\",\"target\":[\"https:\\\/\\\/nicoyaproperties.com\\\/es\\\/villa-guayacan\\\/\"]}]},{\"@type\":\"ImageObject\",\"inLanguage\":\"es-ES\",\"@id\":\"https:\\\/\\\/nicoyaproperties.com\\\/es\\\/villa-guayacan\\\/#primaryimage\",\"url\":\"https:\\\/\\\/nicoyaproperties.com\\\/wp-content\\\/uploads\\\/2023\\\/02\\\/villa-guayacan-plano.jpg\",\"contentUrl\":\"https:\\\/\\\/nicoyaproperties.com\\\/wp-content\\\/uploads\\\/2023\\\/02\\\/villa-guayacan-plano.jpg\"},{\"@type\":\"BreadcrumbList\",\"@id\":\"https:\\\/\\\/nicoyaproperties.com\\\/es\\\/villa-guayacan\\\/#breadcrumb\",\"itemListElement\":[{\"@type\":\"ListItem\",\"position\":1,\"name\":\"Home\",\"item\":\"https:\\\/\\\/nicoyaproperties.com\\\/es\\\/\"},{\"@type\":\"ListItem\",\"position\":2,\"name\":\"Villa Guayac\u00e1n\"}]},{\"@type\":\"WebSite\",\"@id\":\"https:\\\/\\\/nicoyaproperties.com\\\/es\\\/#website\",\"url\":\"https:\\\/\\\/nicoyaproperties.com\\\/es\\\/\",\"name\":\"Nicoya Properties\",\"description\":\"Your dream property in the Nicoya Peninsula\",\"publisher\":{\"@id\":\"https:\\\/\\\/nicoyaproperties.com\\\/es\\\/#organization\"},\"potentialAction\":[{\"@type\":\"SearchAction\",\"target\":{\"@type\":\"EntryPoint\",\"urlTemplate\":\"https:\\\/\\\/nicoyaproperties.com\\\/es\\\/?s={search_term_string}\"},\"query-input\":{\"@type\":\"PropertyValueSpecification\",\"valueRequired\":true,\"valueName\":\"search_term_string\"}}],\"inLanguage\":\"es-ES\"},{\"@type\":\"Organization\",\"@id\":\"https:\\\/\\\/nicoyaproperties.com\\\/es\\\/#organization\",\"name\":\"Nicoya Properties\",\"url\":\"https:\\\/\\\/nicoyaproperties.com\\\/es\\\/\",\"logo\":{\"@type\":\"ImageObject\",\"inLanguage\":\"es-ES\",\"@id\":\"https:\\\/\\\/nicoyaproperties.com\\\/es\\\/#\\\/schema\\\/logo\\\/image\\\/\",\"url\":\"https:\\\/\\\/nicoyaproperties.com\\\/wp-content\\\/uploads\\\/2023\\\/12\\\/featured.jpg\",\"contentUrl\":\"https:\\\/\\\/nicoyaproperties.com\\\/wp-content\\\/uploads\\\/2023\\\/12\\\/featured.jpg\",\"width\":512,\"height\":245,\"caption\":\"Nicoya Properties\"},\"image\":{\"@id\":\"https:\\\/\\\/nicoyaproperties.com\\\/es\\\/#\\\/schema\\\/logo\\\/image\\\/\"}}]}<\/script>\n<!-- \/ Yoast SEO plugin. -->","yoast_head_json":{"title":"Villa Guayac\u00e1n - Nicoya Properties","description":"Muy cerca del centro de Montezuma y en un sector de alta plusval\u00eda, se encuentra Villa Guayac\u00e1n, sumergida en 15,966 M2 de naturaleza.","robots":{"index":"index","follow":"follow","max-snippet":"max-snippet:-1","max-image-preview":"max-image-preview:large","max-video-preview":"max-video-preview:-1"},"canonical":"https:\/\/nicoyaproperties.com\/es\/villa-guayacan\/","og_locale":"es_ES","og_type":"article","og_title":"Villa Guayac\u00e1n - Nicoya Properties","og_description":"Muy cerca del centro de Montezuma y en un sector de alta plusval\u00eda, se encuentra Villa Guayac\u00e1n, sumergida en 15,966 M2 de naturaleza.","og_url":"https:\/\/nicoyaproperties.com\/es\/villa-guayacan\/","og_site_name":"Nicoya Properties","article_modified_time":"2023-02-16T17:20:42+00:00","og_image":[{"url":"https:\/\/nicoyaproperties.com\/wp-content\/uploads\/2023\/01\/DJI_0089-400x284.jpg","type":"","width":"","height":""}],"twitter_misc":{"Tiempo de lectura":"2 minutes"},"schema":{"@context":"https:\/\/schema.org","@graph":[{"@type":"WebPage","@id":"https:\/\/nicoyaproperties.com\/es\/villa-guayacan\/","url":"https:\/\/nicoyaproperties.com\/es\/villa-guayacan\/","name":"Villa Guayac\u00e1n - Nicoya Properties","isPartOf":{"@id":"https:\/\/nicoyaproperties.com\/es\/#website"},"primaryImageOfPage":{"@id":"https:\/\/nicoyaproperties.com\/es\/villa-guayacan\/#primaryimage"},"image":{"@id":"https:\/\/nicoyaproperties.com\/es\/villa-guayacan\/#primaryimage"},"thumbnailUrl":"https:\/\/nicoyaproperties.com\/wp-content\/uploads\/2023\/02\/villa-guayacan-plano.jpg","datePublished":"2023-01-14T17:11:55+00:00","dateModified":"2023-02-16T17:20:42+00:00","description":"Muy cerca del centro de Montezuma y en un sector de alta plusval\u00eda, se encuentra Villa Guayac\u00e1n, sumergida en 15,966 M2 de naturaleza.","breadcrumb":{"@id":"https:\/\/nicoyaproperties.com\/es\/villa-guayacan\/#breadcrumb"},"inLanguage":"es-ES","potentialAction":[{"@type":"ReadAction","target":["https:\/\/nicoyaproperties.com\/es\/villa-guayacan\/"]}]},{"@type":"ImageObject","inLanguage":"es-ES","@id":"https:\/\/nicoyaproperties.com\/es\/villa-guayacan\/#primaryimage","url":"https:\/\/nicoyaproperties.com\/wp-content\/uploads\/2023\/02\/villa-guayacan-plano.jpg","contentUrl":"https:\/\/nicoyaproperties.com\/wp-content\/uploads\/2023\/02\/villa-guayacan-plano.jpg"},{"@type":"BreadcrumbList","@id":"https:\/\/nicoyaproperties.com\/es\/villa-guayacan\/#breadcrumb","itemListElement":[{"@type":"ListItem","position":1,"name":"Home","item":"https:\/\/nicoyaproperties.com\/es\/"},{"@type":"ListItem","position":2,"name":"Villa Guayac\u00e1n"}]},{"@type":"WebSite","@id":"https:\/\/nicoyaproperties.com\/es\/#website","url":"https:\/\/nicoyaproperties.com\/es\/","name":"Nicoya Properties","description":"Your dream property in the Nicoya Peninsula","publisher":{"@id":"https:\/\/nicoyaproperties.com\/es\/#organization"},"potentialAction":[{"@type":"SearchAction","target":{"@type":"EntryPoint","urlTemplate":"https:\/\/nicoyaproperties.com\/es\/?s={search_term_string}"},"query-input":{"@type":"PropertyValueSpecification","valueRequired":true,"valueName":"search_term_string"}}],"inLanguage":"es-ES"},{"@type":"Organization","@id":"https:\/\/nicoyaproperties.com\/es\/#organization","name":"Nicoya Properties","url":"https:\/\/nicoyaproperties.com\/es\/","logo":{"@type":"ImageObject","inLanguage":"es-ES","@id":"https:\/\/nicoyaproperties.com\/es\/#\/schema\/logo\/image\/","url":"https:\/\/nicoyaproperties.com\/wp-content\/uploads\/2023\/12\/featured.jpg","contentUrl":"https:\/\/nicoyaproperties.com\/wp-content\/uploads\/2023\/12\/featured.jpg","width":512,"height":245,"caption":"Nicoya Properties"},"image":{"@id":"https:\/\/nicoyaproperties.com\/es\/#\/schema\/logo\/image\/"}}]}},"_links":{"self":[{"href":"https:\/\/nicoyaproperties.com\/es\/wp-json\/wp\/v2\/pages\/5690","targetHints":{"allow":["GET"]}}],"collection":[{"href":"https:\/\/nicoyaproperties.com\/es\/wp-json\/wp\/v2\/pages"}],"about":[{"href":"https:\/\/nicoyaproperties.com\/es\/wp-json\/wp\/v2\/types\/page"}],"author":[{"embeddable":true,"href":"https:\/\/nicoyaproperties.com\/es\/wp-json\/wp\/v2\/users\/3"}],"replies":[{"embeddable":true,"href":"https:\/\/nicoyaproperties.com\/es\/wp-json\/wp\/v2\/comments?post=5690"}],"version-history":[{"count":5,"href":"https:\/\/nicoyaproperties.com\/es\/wp-json\/wp\/v2\/pages\/5690\/revisions"}],"predecessor-version":[{"id":5862,"href":"https:\/\/nicoyaproperties.com\/es\/wp-json\/wp\/v2\/pages\/5690\/revisions\/5862"}],"wp:attachment":[{"href":"https:\/\/nicoyaproperties.com\/es\/wp-json\/wp\/v2\/media?parent=5690"}],"curies":[{"name":"wp","href":"https:\/\/api.w.org\/{rel}","templated":true}]}}