{"id":5695,"date":"2023-01-14T12:19:43","date_gmt":"2023-01-14T18:19:43","guid":{"rendered":"https:\/\/moondoghosting.com\/nicoya\/?page_id=5695"},"modified":"2023-02-02T13:47:52","modified_gmt":"2023-02-02T19:47:52","slug":"nicoya-properties-home-2023","status":"publish","type":"page","link":"https:\/\/nicoyaproperties.com\/es\/","title":{"rendered":"Nicoya Properties Home 2023"},"content":{"rendered":"<p>[et_pb_section fb_built=&#8221;1&#8243; fullwidth=&#8221;on&#8221; _builder_version=&#8221;4.19.2&#8243; _module_preset=&#8221;default&#8221; global_colors_info=&#8221;{}&#8221;][et_pb_fullwidth_slider _builder_version=&#8221;4.19.5&#8243; _module_preset=&#8221;default&#8221; body_font=&#8221;|700|||||||&#8221; body_text_color=&#8221;#FFFFFF&#8221; auto=&#8221;on&#8221; hover_enabled=&#8221;0&#8243; body_text_shadow_style=&#8221;preset5&#8243; body_text_shadow_horizontal_length=&#8221;1px&#8221; body_text_shadow_vertical_length=&#8221;1px&#8221; body_text_shadow_color=&#8221;#000000&#8243; global_colors_info=&#8221;{}&#8221; sticky_enabled=&#8221;0&#8243;][et_pb_slide admin_title=&#8221;Santa Teresa&#8221; _builder_version=&#8221;4.19.4&#8243; _module_preset=&#8221;default&#8221; background_image=&#8221;https:\/\/nicoyaproperties.com\/nicoya-properties-slides\/playa-santa-teresa-splash.jpg&#8221; background_enable_image=&#8221;on&#8221; global_colors_info=&#8221;{}&#8221; sticky_transition=&#8221;on&#8221;]Las hermosas playas de Santa&nbsp;Teresa<br \/>\nson famosas por su \u00e9pico oleaje.[\/et_pb_slide][et_pb_slide admin_title=&#8221;Paquera&#8221; _builder_version=&#8221;4.19.4&#8243; _module_preset=&#8221;default&#8221; background_image=&#8221;https:\/\/nicoyaproperties.com\/nicoya-properties-slides\/paquera-splash.jpg&#8221; background_enable_image=&#8221;on&#8221; global_colors_info=&#8221;{}&#8221; sticky_transition=&#8221;on&#8221;]El puerto de Paquera es la entrada a la<br \/>\nPeninsula de Nicoya desde el Golfo de&nbsp;Nicoya.[\/et_pb_slide][et_pb_slide admin_title=&#8221;Montezuma&#8221; _builder_version=&#8221;4.19.4&#8243; _module_preset=&#8221;default&#8221; background_image=&#8221;https:\/\/nicoyaproperties.com\/nicoya-properties-slides\/playa-montezuma-splash.jpg&#8221; background_enable_image=&#8221;on&#8221; global_colors_info=&#8221;{}&#8221; sticky_transition=&#8221;on&#8221;]Montezuma es uno de los destinos de<br \/>\necoturismo mas populares de Costa&nbsp;Rica.[\/et_pb_slide][et_pb_slide admin_title=&#8221;Malpais&#8221; _builder_version=&#8221;4.19.4&#8243; _module_preset=&#8221;default&#8221; background_image=&#8221;https:\/\/nicoyaproperties.com\/nicoya-properties-slides\/malpais-splash.jpg&#8221; background_enable_image=&#8221;on&#8221; global_colors_info=&#8221;{}&#8221; sticky_transition=&#8221;on&#8221;]Las playas de Malpais ostentan<br \/>\nbuenas olas y una maravillosa<br \/>\npuestas de sol sobre el Pac\u00edfico.[\/et_pb_slide][\/et_pb_fullwidth_slider][\/et_pb_section][et_pb_section fb_built=&#8221;1&#8243; admin_label=&#8221;section&#8221; _builder_version=&#8221;4.16&#8243; global_colors_info=&#8221;{}&#8221;][et_pb_row admin_label=&#8221;row&#8221; _builder_version=&#8221;4.16&#8243; background_size=&#8221;initial&#8221; background_position=&#8221;top_left&#8221; background_repeat=&#8221;repeat&#8221; global_colors_info=&#8221;{}&#8221;][et_pb_column type=&#8221;4_4&#8243; _builder_version=&#8221;4.16&#8243; custom_padding=&#8221;|||&#8221; global_colors_info=&#8221;{}&#8221; custom_padding__hover=&#8221;|||&#8221;][et_pb_text admin_label=&#8221;Bienvenid@ a Nicoya Properties&#8221; _builder_version=&#8221;4.19.4&#8243; _module_preset=&#8221;default&#8221; global_colors_info=&#8221;{}&#8221;]<\/p>\n<h1>Bienvenid@ a Nicoya Properties<\/h1>\n<p>Comprar una propiedad en Costa Rica es sencillo ya que la ley costarricense garantiza el derecho de propiedad a cualquiera sin importar el estatus migratorio. Factores como la estabilidad pol\u00edtica producto de 120 a\u00f1os de democracia, el primer lugar en Latinoam\u00e9rica en el \u00cdndice Marca pa\u00eds (Country Brand Index) y ser el \u201cMejor Pa\u00eds del futuro para la inversi\u00f3n extranjera de Centroam\u00e9rica y El Caribe\u201d (FDI Countries of the Future) favorecen la inversi\u00f3n y la oportunidad de adquirir una propiedad en Costa Rica. La parte sur de la Peninsula de Nicoya situada en la costa pac\u00edfica es un para\u00edso natural donde t\u00fa puedes encontrar la finca de tus sue\u00f1os o el lote ideal para construir tu casa rodeada por la naturaleza y porque no, con una incre\u00edble vista al mar.[\/et_pb_text][\/et_pb_column][\/et_pb_row][\/et_pb_section][et_pb_section fb_built=&#8221;1&#8243; _builder_version=&#8221;4.19.2&#8243; _module_preset=&#8221;default&#8221; background_color=&#8221;#f7f7f7&#8243; global_colors_info=&#8221;{}&#8221;][et_pb_row _builder_version=&#8221;4.19.2&#8243; _module_preset=&#8221;default&#8221; global_colors_info=&#8221;{}&#8221;][et_pb_column type=&#8221;4_4&#8243; _builder_version=&#8221;4.19.2&#8243; _module_preset=&#8221;default&#8221; global_colors_info=&#8221;{}&#8221;][et_pb_text admin_label=&#8221;Nuestros Proyectos&#8221; _builder_version=&#8221;4.19.4&#8243; _module_preset=&#8221;default&#8221; global_colors_info=&#8221;{}&#8221;]<\/p>\n<h2>Nuestros Proyectos<\/h2>\n<p>[\/et_pb_text][\/et_pb_column][\/et_pb_row][et_pb_row column_structure=&#8221;1_3,1_3,1_3&#8243; _builder_version=&#8221;4.19.2&#8243; _module_preset=&#8221;default&#8221; global_colors_info=&#8221;{}&#8221;][et_pb_column type=&#8221;1_3&#8243; _builder_version=&#8221;4.19.2&#8243; _module_preset=&#8221;default&#8221; global_colors_info=&#8221;{}&#8221;][et_pb_text admin_label=&#8221;Villa Guayacan&#8221; _builder_version=&#8221;4.19.4&#8243; _module_preset=&#8221;default&#8221; link_option_url=&#8221;https:\/\/nicoyaproperties.com\/es\/villa-guayacan\/&#8221; global_colors_info=&#8221;{}&#8221;]<\/p>\n<p><img loading=\"lazy\" decoding=\"async\" class=\"aligncenter wp-image-5591 size-full\" src=\"https:\/\/nicoyaproperties.com\/wp-content\/uploads\/2023\/01\/villa-guayacan-home-page.jpg\" alt=\"Villa Guayac\u00e1n\" width=\"1444\" height=\"960\" srcset=\"https:\/\/nicoyaproperties.com\/wp-content\/uploads\/2023\/01\/villa-guayacan-home-page.jpg 1444w, https:\/\/nicoyaproperties.com\/wp-content\/uploads\/2023\/01\/villa-guayacan-home-page-1280x851.jpg 1280w, https:\/\/nicoyaproperties.com\/wp-content\/uploads\/2023\/01\/villa-guayacan-home-page-980x652.jpg 980w, https:\/\/nicoyaproperties.com\/wp-content\/uploads\/2023\/01\/villa-guayacan-home-page-480x319.jpg 480w\" sizes=\"(min-width: 0px) and (max-width: 480px) 480px, (min-width: 481px) and (max-width: 980px) 980px, (min-width: 981px) and (max-width: 1280px) 1280px, (min-width: 1281px) 1444px, 100vw\" \/><\/p>\n<p style=\"text-align: center;\">Villa Guayac\u00e1n<\/p>\n<p>[\/et_pb_text][\/et_pb_column][et_pb_column type=&#8221;1_3&#8243; _builder_version=&#8221;4.19.2&#8243; _module_preset=&#8221;default&#8221; global_colors_info=&#8221;{}&#8221;][et_pb_text admin_label=&#8221;Hotel El Tajal\u00edn&#8221; _builder_version=&#8221;4.19.4&#8243; _module_preset=&#8221;default&#8221; link_option_url=&#8221;https:\/\/nicoyaproperties.com\/es\/hotel-el-tajalin\/&#8221; global_colors_info=&#8221;{}&#8221;]<\/p>\n<p><img loading=\"lazy\" decoding=\"async\" class=\"aligncenter wp-image-5801 size-full\" src=\"https:\/\/nicoyaproperties.com\/wp-content\/uploads\/2023\/01\/hotel-el-tajalin-home.jpg\" alt=\"Hotel El Tajalin, Montezuma, Costa Rica\" width=\"1444\" height=\"960\" srcset=\"https:\/\/nicoyaproperties.com\/wp-content\/uploads\/2023\/01\/hotel-el-tajalin-home.jpg 1444w, https:\/\/nicoyaproperties.com\/wp-content\/uploads\/2023\/01\/hotel-el-tajalin-home-1280x851.jpg 1280w, https:\/\/nicoyaproperties.com\/wp-content\/uploads\/2023\/01\/hotel-el-tajalin-home-980x652.jpg 980w, https:\/\/nicoyaproperties.com\/wp-content\/uploads\/2023\/01\/hotel-el-tajalin-home-480x319.jpg 480w\" sizes=\"(min-width: 0px) and (max-width: 480px) 480px, (min-width: 481px) and (max-width: 980px) 980px, (min-width: 981px) and (max-width: 1280px) 1280px, (min-width: 1281px) 1444px, 100vw\" \/><\/p>\n<p style=\"text-align: center;\">Hotel El Tajal\u00edn<\/p>\n<p>[\/et_pb_text][\/et_pb_column][et_pb_column type=&#8221;1_3&#8243; _builder_version=&#8221;4.19.2&#8243; _module_preset=&#8221;default&#8221; global_colors_info=&#8221;{}&#8221;][et_pb_text admin_label=&#8221;Project Las Delicias&#8221; _builder_version=&#8221;4.19.4&#8243; _module_preset=&#8221;default&#8221; link_option_url=&#8221;https:\/\/nicoyaproperties.com\/es\/project-las-delicias\/&#8221; global_colors_info=&#8221;{}&#8221;]<\/p>\n<p><img loading=\"lazy\" decoding=\"async\" class=\"wp-image-5578 size-full aligncenter\" style=\"border: 1px solid #000000;\" src=\"https:\/\/nicoyaproperties.com\/wp-content\/uploads\/2023\/01\/Ante-Proyecto-Las-Delicias.jpg\" alt=\"Ante Proyecto Las Delicias\" width=\"1443\" height=\"960\" srcset=\"https:\/\/nicoyaproperties.com\/wp-content\/uploads\/2023\/01\/Ante-Proyecto-Las-Delicias.jpg 1443w, https:\/\/nicoyaproperties.com\/wp-content\/uploads\/2023\/01\/Ante-Proyecto-Las-Delicias-1280x852.jpg 1280w, https:\/\/nicoyaproperties.com\/wp-content\/uploads\/2023\/01\/Ante-Proyecto-Las-Delicias-980x652.jpg 980w, https:\/\/nicoyaproperties.com\/wp-content\/uploads\/2023\/01\/Ante-Proyecto-Las-Delicias-480x319.jpg 480w\" sizes=\"(min-width: 0px) and (max-width: 480px) 480px, (min-width: 481px) and (max-width: 980px) 980px, (min-width: 981px) and (max-width: 1280px) 1280px, (min-width: 1281px) 1443px, 100vw\" \/><\/p>\n<p style=\"text-align: center;\">Project Las Delicias<\/p>\n<p>[\/et_pb_text][\/et_pb_column][\/et_pb_row][\/et_pb_section]<\/p>\n","protected":false},"excerpt":{"rendered":"<p>Las hermosas playas de Santa&nbsp;Teresa son famosas por su \u00e9pico oleaje.El puerto de Paquera es la entrada a la Peninsula de Nicoya desde el Golfo de&nbsp;Nicoya.Montezuma es uno de los destinos de ecoturismo mas populares de Costa&nbsp;Rica.Las playas de Malpais ostentan buenas olas y una maravillosa puestas de sol sobre el Pac\u00edfico.Bienvenid@ a Nicoya Properties [&hellip;]<\/p>\n","protected":false},"author":3,"featured_media":0,"parent":0,"menu_order":0,"comment_status":"closed","ping_status":"closed","template":"","meta":{"_et_pb_use_builder":"on","_et_pb_old_content":"","_et_gb_content_width":"","footnotes":""},"class_list":["post-5695","page","type-page","status-publish","hentry"],"yoast_head":"<!-- This site is optimized with the Yoast SEO plugin v27.2 - https:\/\/yoast.com\/product\/yoast-seo-wordpress\/ -->\n<title>Nicoya Properties Home 2023 - Nicoya Properties<\/title>\n<meta name=\"robots\" content=\"index, follow, max-snippet:-1, max-image-preview:large, max-video-preview:-1\" \/>\n<link rel=\"canonical\" href=\"https:\/\/nicoyaproperties.com\/es\/\" \/>\n<meta property=\"og:locale\" content=\"es_ES\" \/>\n<meta property=\"og:type\" content=\"article\" \/>\n<meta property=\"og:title\" content=\"Nicoya Properties Home 2023 - Nicoya Properties\" \/>\n<meta property=\"og:description\" content=\"Las hermosas playas de Santa&nbsp;Teresa son famosas por su \u00e9pico oleaje.El puerto de Paquera es la entrada a la Peninsula de Nicoya desde el Golfo de&nbsp;Nicoya.Montezuma es uno de los destinos de ecoturismo mas populares de Costa&nbsp;Rica.Las playas de Malpais ostentan buenas olas y una maravillosa puestas de sol sobre el Pac\u00edfico.Bienvenid@ a Nicoya Properties [&hellip;]\" \/>\n<meta property=\"og:url\" content=\"https:\/\/nicoyaproperties.com\/es\/\" \/>\n<meta property=\"og:site_name\" content=\"Nicoya Properties\" \/>\n<meta property=\"article:modified_time\" content=\"2023-02-02T19:47:52+00:00\" \/>\n<meta property=\"og:image\" content=\"https:\/\/nicoyaproperties.com\/wp-content\/uploads\/2023\/01\/villa-guayacan-home-page.jpg\" \/>\n<meta name=\"twitter:label1\" content=\"Tiempo de lectura\" \/>\n\t<meta name=\"twitter:data1\" content=\"3 minutes\" \/>\n<script type=\"application\/ld+json\" class=\"yoast-schema-graph\">{\"@context\":\"https:\/\/schema.org\",\"@graph\":[{\"@type\":\"WebPage\",\"@id\":\"https:\/\/nicoyaproperties.com\/es\/\",\"url\":\"https:\/\/nicoyaproperties.com\/es\/\",\"name\":\"Nicoya Properties Home 2023 - Nicoya Properties\",\"isPartOf\":{\"@id\":\"https:\/\/nicoyaproperties.com\/es\/#website\"},\"primaryImageOfPage\":{\"@id\":\"https:\/\/nicoyaproperties.com\/es\/#primaryimage\"},\"image\":{\"@id\":\"https:\/\/nicoyaproperties.com\/es\/#primaryimage\"},\"thumbnailUrl\":\"https:\/\/nicoyaproperties.com\/wp-content\/uploads\/2023\/01\/villa-guayacan-home-page.jpg\",\"datePublished\":\"2023-01-14T18:19:43+00:00\",\"dateModified\":\"2023-02-02T19:47:52+00:00\",\"breadcrumb\":{\"@id\":\"https:\/\/nicoyaproperties.com\/es\/#breadcrumb\"},\"inLanguage\":\"es-ES\",\"potentialAction\":[{\"@type\":\"ReadAction\",\"target\":[\"https:\/\/nicoyaproperties.com\/es\/\"]}]},{\"@type\":\"ImageObject\",\"inLanguage\":\"es-ES\",\"@id\":\"https:\/\/nicoyaproperties.com\/es\/#primaryimage\",\"url\":\"https:\/\/nicoyaproperties.com\/wp-content\/uploads\/2023\/01\/villa-guayacan-home-page.jpg\",\"contentUrl\":\"https:\/\/nicoyaproperties.com\/wp-content\/uploads\/2023\/01\/villa-guayacan-home-page.jpg\"},{\"@type\":\"BreadcrumbList\",\"@id\":\"https:\/\/nicoyaproperties.com\/es\/#breadcrumb\",\"itemListElement\":[{\"@type\":\"ListItem\",\"position\":1,\"name\":\"Home\",\"item\":\"https:\/\/nicoyaproperties.com\/es\/\"},{\"@type\":\"ListItem\",\"position\":2,\"name\":\"Nicoya Properties Home 2023\"}]},{\"@type\":\"WebSite\",\"@id\":\"https:\/\/nicoyaproperties.com\/es\/#website\",\"url\":\"https:\/\/nicoyaproperties.com\/es\/\",\"name\":\"Nicoya Properties\",\"description\":\"Your dream property in the Nicoya Peninsula\",\"publisher\":{\"@id\":\"https:\/\/nicoyaproperties.com\/es\/#organization\"},\"potentialAction\":[{\"@type\":\"SearchAction\",\"target\":{\"@type\":\"EntryPoint\",\"urlTemplate\":\"https:\/\/nicoyaproperties.com\/es\/?s={search_term_string}\"},\"query-input\":{\"@type\":\"PropertyValueSpecification\",\"valueRequired\":true,\"valueName\":\"search_term_string\"}}],\"inLanguage\":\"es-ES\"},{\"@type\":\"Organization\",\"@id\":\"https:\/\/nicoyaproperties.com\/es\/#organization\",\"name\":\"Nicoya Properties\",\"url\":\"https:\/\/nicoyaproperties.com\/es\/\",\"logo\":{\"@type\":\"ImageObject\",\"inLanguage\":\"es-ES\",\"@id\":\"https:\/\/nicoyaproperties.com\/es\/#\/schema\/logo\/image\/\",\"url\":\"https:\/\/nicoyaproperties.com\/wp-content\/uploads\/2023\/12\/featured.jpg\",\"contentUrl\":\"https:\/\/nicoyaproperties.com\/wp-content\/uploads\/2023\/12\/featured.jpg\",\"width\":512,\"height\":245,\"caption\":\"Nicoya Properties\"},\"image\":{\"@id\":\"https:\/\/nicoyaproperties.com\/es\/#\/schema\/logo\/image\/\"}}]}<\/script>\n<!-- \/ Yoast SEO plugin. -->","yoast_head_json":{"title":"Nicoya Properties Home 2023 - Nicoya Properties","robots":{"index":"index","follow":"follow","max-snippet":"max-snippet:-1","max-image-preview":"max-image-preview:large","max-video-preview":"max-video-preview:-1"},"canonical":"https:\/\/nicoyaproperties.com\/es\/","og_locale":"es_ES","og_type":"article","og_title":"Nicoya Properties Home 2023 - Nicoya Properties","og_description":"Las hermosas playas de Santa&nbsp;Teresa son famosas por su \u00e9pico oleaje.El puerto de Paquera es la entrada a la Peninsula de Nicoya desde el Golfo de&nbsp;Nicoya.Montezuma es uno de los destinos de ecoturismo mas populares de Costa&nbsp;Rica.Las playas de Malpais ostentan buenas olas y una maravillosa puestas de sol sobre el Pac\u00edfico.Bienvenid@ a Nicoya Properties [&hellip;]","og_url":"https:\/\/nicoyaproperties.com\/es\/","og_site_name":"Nicoya Properties","article_modified_time":"2023-02-02T19:47:52+00:00","og_image":[{"url":"https:\/\/nicoyaproperties.com\/wp-content\/uploads\/2023\/01\/villa-guayacan-home-page.jpg","type":"","width":"","height":""}],"twitter_misc":{"Tiempo de lectura":"3 minutes"},"schema":{"@context":"https:\/\/schema.org","@graph":[{"@type":"WebPage","@id":"https:\/\/nicoyaproperties.com\/es\/","url":"https:\/\/nicoyaproperties.com\/es\/","name":"Nicoya Properties Home 2023 - Nicoya Properties","isPartOf":{"@id":"https:\/\/nicoyaproperties.com\/es\/#website"},"primaryImageOfPage":{"@id":"https:\/\/nicoyaproperties.com\/es\/#primaryimage"},"image":{"@id":"https:\/\/nicoyaproperties.com\/es\/#primaryimage"},"thumbnailUrl":"https:\/\/nicoyaproperties.com\/wp-content\/uploads\/2023\/01\/villa-guayacan-home-page.jpg","datePublished":"2023-01-14T18:19:43+00:00","dateModified":"2023-02-02T19:47:52+00:00","breadcrumb":{"@id":"https:\/\/nicoyaproperties.com\/es\/#breadcrumb"},"inLanguage":"es-ES","potentialAction":[{"@type":"ReadAction","target":["https:\/\/nicoyaproperties.com\/es\/"]}]},{"@type":"ImageObject","inLanguage":"es-ES","@id":"https:\/\/nicoyaproperties.com\/es\/#primaryimage","url":"https:\/\/nicoyaproperties.com\/wp-content\/uploads\/2023\/01\/villa-guayacan-home-page.jpg","contentUrl":"https:\/\/nicoyaproperties.com\/wp-content\/uploads\/2023\/01\/villa-guayacan-home-page.jpg"},{"@type":"BreadcrumbList","@id":"https:\/\/nicoyaproperties.com\/es\/#breadcrumb","itemListElement":[{"@type":"ListItem","position":1,"name":"Home","item":"https:\/\/nicoyaproperties.com\/es\/"},{"@type":"ListItem","position":2,"name":"Nicoya Properties Home 2023"}]},{"@type":"WebSite","@id":"https:\/\/nicoyaproperties.com\/es\/#website","url":"https:\/\/nicoyaproperties.com\/es\/","name":"Nicoya Properties","description":"Your dream property in the Nicoya Peninsula","publisher":{"@id":"https:\/\/nicoyaproperties.com\/es\/#organization"},"potentialAction":[{"@type":"SearchAction","target":{"@type":"EntryPoint","urlTemplate":"https:\/\/nicoyaproperties.com\/es\/?s={search_term_string}"},"query-input":{"@type":"PropertyValueSpecification","valueRequired":true,"valueName":"search_term_string"}}],"inLanguage":"es-ES"},{"@type":"Organization","@id":"https:\/\/nicoyaproperties.com\/es\/#organization","name":"Nicoya Properties","url":"https:\/\/nicoyaproperties.com\/es\/","logo":{"@type":"ImageObject","inLanguage":"es-ES","@id":"https:\/\/nicoyaproperties.com\/es\/#\/schema\/logo\/image\/","url":"https:\/\/nicoyaproperties.com\/wp-content\/uploads\/2023\/12\/featured.jpg","contentUrl":"https:\/\/nicoyaproperties.com\/wp-content\/uploads\/2023\/12\/featured.jpg","width":512,"height":245,"caption":"Nicoya Properties"},"image":{"@id":"https:\/\/nicoyaproperties.com\/es\/#\/schema\/logo\/image\/"}}]}},"_links":{"self":[{"href":"https:\/\/nicoyaproperties.com\/es\/wp-json\/wp\/v2\/pages\/5695","targetHints":{"allow":["GET"]}}],"collection":[{"href":"https:\/\/nicoyaproperties.com\/es\/wp-json\/wp\/v2\/pages"}],"about":[{"href":"https:\/\/nicoyaproperties.com\/es\/wp-json\/wp\/v2\/types\/page"}],"author":[{"embeddable":true,"href":"https:\/\/nicoyaproperties.com\/es\/wp-json\/wp\/v2\/users\/3"}],"replies":[{"embeddable":true,"href":"https:\/\/nicoyaproperties.com\/es\/wp-json\/wp\/v2\/comments?post=5695"}],"version-history":[{"count":11,"href":"https:\/\/nicoyaproperties.com\/es\/wp-json\/wp\/v2\/pages\/5695\/revisions"}],"predecessor-version":[{"id":5853,"href":"https:\/\/nicoyaproperties.com\/es\/wp-json\/wp\/v2\/pages\/5695\/revisions\/5853"}],"wp:attachment":[{"href":"https:\/\/nicoyaproperties.com\/es\/wp-json\/wp\/v2\/media?parent=5695"}],"curies":[{"name":"wp","href":"https:\/\/api.w.org\/{rel}","templated":true}]}}