{"id":5787,"date":"2023-01-19T11:13:14","date_gmt":"2023-01-19T17:13:14","guid":{"rendered":"https:\/\/moondoghosting.com\/nicoya\/?page_id=5787"},"modified":"2023-02-16T13:10:34","modified_gmt":"2023-02-16T19:10:34","slug":"hotel-el-tajalin","status":"publish","type":"page","link":"https:\/\/nicoyaproperties.com\/es\/hotel-el-tajalin\/","title":{"rendered":"Hotel El Tajal\u00edn"},"content":{"rendered":"<p>[et_pb_section fb_built=&#8221;1&#8243; _builder_version=&#8221;4.16&#8243; global_colors_info=&#8221;{}&#8221;][et_pb_row _builder_version=&#8221;4.16&#8243; background_size=&#8221;initial&#8221; background_position=&#8221;top_left&#8221; background_repeat=&#8221;repeat&#8221; global_colors_info=&#8221;{}&#8221;][et_pb_column type=&#8221;4_4&#8243; _builder_version=&#8221;4.16&#8243; custom_padding=&#8221;|||&#8221; global_colors_info=&#8221;{}&#8221; custom_padding__hover=&#8221;|||&#8221;][et_pb_text _builder_version=&#8221;4.19.5&#8243; background_size=&#8221;initial&#8221; background_position=&#8221;top_left&#8221; background_repeat=&#8221;repeat&#8221; global_colors_info=&#8221;{}&#8221;]<\/p>\n<h1>Hotel El Tajal\u00edn<\/h1>\n<div id=\"attachment_5809\" style=\"width: 216px\" class=\"wp-caption alignright\"><a href=\"https:\/\/nicoyaproperties.com\/wp-content\/uploads\/2023\/01\/hotel-el-tajalain-148921_inscripcion.pdf\" target=\"_blank\" rel=\"noopener\"><img loading=\"lazy\" decoding=\"async\" aria-describedby=\"caption-attachment-5809\" class=\"wp-image-5809 size-medium\" src=\"https:\/\/nicoyaproperties.com\/wp-content\/uploads\/2023\/01\/hotel-el-tajalain-148921_inscripcion-206x300.jpg\" alt=\"Hotel El Tajal\u00edn Cadastral Plan\" width=\"206\" height=\"300\" \/><\/a><p id=\"caption-attachment-5809\" class=\"wp-caption-text\">Haga click para ver el PDF<\/p><\/div>\n<p>Hotel el Tajal\u00edn se encuentra ubicado en el centro de Montezuma, frente al parque infantil y a 350 metros de la playa. Es un edificio de 2 pisos de 660 M2 cubiertos, cuenta con 12 habitaciones con ba\u00f1o privado y aire acondicionado, 2 habitaciones con ba\u00f1o compartido, una terraza con uso de cocina, recepci\u00f3n, lavander\u00eda, 2 ba\u00f1os de servicio, un tanque de almacenamiento de agua y un parqueo privado. Su ubicaci\u00f3n es en la Zona Restringida de la Zona Mar\u00edtimo Terrestre y la solicitud de Concesi\u00f3n se present\u00f3 en octubre del 2016 y se est\u00e1 a la espera de resoluci\u00f3n. El Tajalin sociedad an\u00f3nima es la due\u00f1a del inmueble mientras que la parcela de 364 M2 est\u00e1 en administraci\u00f3n del Concejo Municipal de Distrito de C\u00f3bano. <\/p>\n<p><img loading=\"lazy\" decoding=\"async\" class=\"aligncenter size-full wp-image-5745\" src=\"https:\/\/nicoyaproperties.com\/wp-content\/uploads\/2023\/01\/hotel-el-tajalin-1080px.jpg\" alt=\"Hotel El Tajalin, Montezuma, Costa Rica\" width=\"1080\" height=\"720\" srcset=\"https:\/\/nicoyaproperties.com\/wp-content\/uploads\/2023\/01\/hotel-el-tajalin-1080px.jpg 1080w, https:\/\/nicoyaproperties.com\/wp-content\/uploads\/2023\/01\/hotel-el-tajalin-1080px-980x653.jpg 980w, https:\/\/nicoyaproperties.com\/wp-content\/uploads\/2023\/01\/hotel-el-tajalin-1080px-480x320.jpg 480w\" sizes=\"(min-width: 0px) and (max-width: 480px) 480px, (min-width: 481px) and (max-width: 980px) 980px, (min-width: 981px) 1080px, 100vw\" \/><\/p>\n<p><img loading=\"lazy\" decoding=\"async\" class=\"aligncenter size-full wp-image-5747\" src=\"https:\/\/nicoyaproperties.com\/wp-content\/uploads\/2023\/01\/hotel-el-tajalin-deck-1080px.jpg\" alt=\"Hotel El Tajalin upper deck, Montezuma, Costa Rica\" width=\"1080\" height=\"720\" srcset=\"https:\/\/nicoyaproperties.com\/wp-content\/uploads\/2023\/01\/hotel-el-tajalin-deck-1080px.jpg 1080w, https:\/\/nicoyaproperties.com\/wp-content\/uploads\/2023\/01\/hotel-el-tajalin-deck-1080px-980x653.jpg 980w, https:\/\/nicoyaproperties.com\/wp-content\/uploads\/2023\/01\/hotel-el-tajalin-deck-1080px-480x320.jpg 480w\" sizes=\"(min-width: 0px) and (max-width: 480px) 480px, (min-width: 481px) and (max-width: 980px) 980px, (min-width: 981px) 1080px, 100vw\" \/><\/p>\n<p><div class='one_half'>\n\t\t\t\t\t<img loading=\"lazy\" decoding=\"async\" class=\"aligncenter size-full wp-image-5750\" src=\"https:\/\/nicoyaproperties.com\/wp-content\/uploads\/2023\/01\/hotel-el-tajalin-first-floor-3.jpg\" alt=\"Hotel El Tajalin first floor deck, Montezuma, Costa Rica\" width=\"480\" height=\"640\" srcset=\"https:\/\/nicoyaproperties.com\/wp-content\/uploads\/2023\/01\/hotel-el-tajalin-first-floor-3.jpg 480w, https:\/\/nicoyaproperties.com\/wp-content\/uploads\/2023\/01\/hotel-el-tajalin-first-floor-3-225x300.jpg 225w\" sizes=\"(max-width: 480px) 100vw, 480px\" \/>\n\t\t\t\t<\/div><div class='one_half et_column_last'>\n\t\t\t\t\t<img loading=\"lazy\" decoding=\"async\" class=\"aligncenter size-full wp-image-5752\" src=\"https:\/\/nicoyaproperties.com\/wp-content\/uploads\/2023\/01\/hotel-el-tajalin-first-floor-4.jpg\" alt=\"Hotel El Tajalin first floor deck, Montezuma, Costa Rica\" width=\"480\" height=\"640\" srcset=\"https:\/\/nicoyaproperties.com\/wp-content\/uploads\/2023\/01\/hotel-el-tajalin-first-floor-4.jpg 480w, https:\/\/nicoyaproperties.com\/wp-content\/uploads\/2023\/01\/hotel-el-tajalin-first-floor-4-225x300.jpg 225w\" sizes=\"(max-width: 480px) 100vw, 480px\" \/>\n\t\t\t\t<\/div><div class='clear'><\/div><br \/>\n&nbsp;[\/et_pb_text][et_pb_gallery gallery_ids=&#8221;5865,5867,5869,5871,5873,5875,5877,5879,5881,5883,5885,5887,5889,5891,5893,5895,5899,5901,5903,5905&#8243; posts_number=&#8221;25&#8243; _builder_version=&#8221;4.19.5&#8243; _module_preset=&#8221;default&#8221; hover_enabled=&#8221;0&#8243; global_colors_info=&#8221;{}&#8221; show_title_and_caption=&#8221;off&#8221; show_pagination=&#8221;off&#8221; sticky_enabled=&#8221;0&#8243;][\/et_pb_gallery][et_pb_text _builder_version=&#8221;4.19.5&#8243; _module_preset=&#8221;default&#8221; global_colors_info=&#8221;{}&#8221;]<\/p>\n<h2 style=\"text-align: center;\">Montezuma Gallery<\/h2>\n<p>&nbsp;[\/et_pb_text][et_pb_gallery gallery_ids=&#8221;5776,5774,5772,5770,5768,5766,5764,5762,5760,5758,5756&#8243; posts_number=&#8221;20&#8243; show_title_and_caption=&#8221;off&#8221; show_pagination=&#8221;off&#8221; _builder_version=&#8221;4.19.4&#8243; _module_preset=&#8221;default&#8221; global_colors_info=&#8221;{}&#8221;][\/et_pb_gallery][\/et_pb_column][\/et_pb_row][\/et_pb_section]<\/p>\n","protected":false},"excerpt":{"rendered":"<p>Hotel El Tajal\u00edn Hotel el Tajal\u00edn se encuentra ubicado en el centro de Montezuma, frente al parque infantil y a 350 metros de la playa. Es un edificio de 2 pisos de 660 M2 cubiertos, cuenta con 12 habitaciones con ba\u00f1o privado y aire acondicionado, 2 habitaciones con ba\u00f1o compartido, una terraza con uso de [&hellip;]<\/p>\n","protected":false},"author":3,"featured_media":0,"parent":0,"menu_order":0,"comment_status":"closed","ping_status":"closed","template":"","meta":{"_et_pb_use_builder":"on","_et_pb_old_content":"[et_pb_section fb_built=\"1\" _builder_version=\"4.16\" global_colors_info=\"{}\"][et_pb_row _builder_version=\"4.16\" background_size=\"initial\" background_position=\"top_left\" background_repeat=\"repeat\" global_colors_info=\"{}\"][et_pb_column type=\"4_4\" _builder_version=\"4.16\" custom_padding=\"|||\" global_colors_info=\"{}\" custom_padding__hover=\"|||\"][et_pb_text _builder_version=\"4.19.4\" background_size=\"initial\" background_position=\"top_left\" background_repeat=\"repeat\" hover_enabled=\"0\" global_colors_info=\"{}\" sticky_enabled=\"0\"]<h1>Hotel El Tajal\u00edn<\/h1>\r\n\u00a0\r\nHotel el Tajal\u00edn is located in the center of Montezuma, in front of the playground and 350 meters from the beach. It is a 2-story building of 660 M2 covered, it has 12 rooms with private bathroom and air conditioning, 2 rooms with shared bathroom, a terrace with use of kitchen, reception, laundry, 2 service bathrooms, a water storage tank and private parking. Its location is in the Restricted Zone of the Maritime Terrestrial Zone and the Concession request was submitted in October 2016 and is awaiting resolution. El Tajalin Sociedad An\u00f3nima is the owner of the property while the 364 M2 plot is under the administration of the C\u00f3bano District Municipal Council.\r\n\r\n<img class=\"aligncenter size-full wp-image-5745\" src=\"https:\/\/nicoyaproperties.com\/wp-content\/uploads\/2023\/01\/hotel-el-tajalin-1080px.jpg\" alt=\"Hotel El Tajalin, Montezuma, Costa Rica\" width=\"1080\" height=\"720\" \/>\r\n\r\n<img class=\"aligncenter size-full wp-image-5747\" src=\"https:\/\/nicoyaproperties.com\/wp-content\/uploads\/2023\/01\/hotel-el-tajalin-deck-1080px.jpg\" alt=\"Hotel El Tajalin upper deck, Montezuma, Costa Rica\" width=\"1080\" height=\"720\" \/>\r\n\r\n[one_half]<img class=\"aligncenter size-full wp-image-5750\" src=\"https:\/\/nicoyaproperties.com\/wp-content\/uploads\/2023\/01\/hotel-el-tajalin-first-floor-3.jpg\" alt=\"Hotel El Tajalin first floor deck, Montezuma, Costa Rica\" width=\"480\" height=\"640\" \/>[\/one_half][one_half_last]<img class=\"aligncenter size-full wp-image-5752\" src=\"https:\/\/nicoyaproperties.com\/wp-content\/uploads\/2023\/01\/hotel-el-tajalin-first-floor-4.jpg\" alt=\"Hotel El Tajalin first floor deck, Montezuma, Costa Rica\" width=\"480\" height=\"640\" \/>[\/one_half_last]\r\n\u00a0\r\n<h2 style=\"text-align: center;\">Montezuma Gallery<\/h2>\r\n\u00a0[\/et_pb_text][et_pb_gallery gallery_ids=\"5776,5774,5772,5770,5768,5766,5764,5762,5760,5758,5756\" posts_number=\"20\" show_title_and_caption=\"off\" show_pagination=\"off\" _builder_version=\"4.19.4\" _module_preset=\"default\" global_colors_info=\"{}\"][\/et_pb_gallery][\/et_pb_column][\/et_pb_row][\/et_pb_section]","_et_gb_content_width":"","footnotes":""},"class_list":["post-5787","page","type-page","status-publish","hentry"],"yoast_head":"<!-- This site is optimized with the Yoast SEO plugin v27.4 - https:\/\/yoast.com\/product\/yoast-seo-wordpress\/ -->\n<title>Hotel El Tajal\u00edn - Nicoya Properties<\/title>\n<meta name=\"robots\" content=\"index, follow, max-snippet:-1, max-image-preview:large, max-video-preview:-1\" \/>\n<link rel=\"canonical\" href=\"https:\/\/nicoyaproperties.com\/es\/hotel-el-tajalin\/\" \/>\n<meta property=\"og:locale\" content=\"es_ES\" \/>\n<meta property=\"og:type\" content=\"article\" \/>\n<meta property=\"og:title\" content=\"Hotel El Tajal\u00edn - Nicoya Properties\" \/>\n<meta property=\"og:description\" content=\"Hotel El Tajal\u00edn Hotel el Tajal\u00edn se encuentra ubicado en el centro de Montezuma, frente al parque infantil y a 350 metros de la playa. Es un edificio de 2 pisos de 660 M2 cubiertos, cuenta con 12 habitaciones con ba\u00f1o privado y aire acondicionado, 2 habitaciones con ba\u00f1o compartido, una terraza con uso de [&hellip;]\" \/>\n<meta property=\"og:url\" content=\"https:\/\/nicoyaproperties.com\/es\/hotel-el-tajalin\/\" \/>\n<meta property=\"og:site_name\" content=\"Nicoya Properties\" \/>\n<meta property=\"article:modified_time\" content=\"2023-02-16T19:10:34+00:00\" \/>\n<meta property=\"og:image\" content=\"https:\/\/nicoyaproperties.com\/wp-content\/uploads\/2023\/01\/hotel-el-tajalain-148921_inscripcion-206x300.jpg\" \/>\n<meta name=\"twitter:label1\" content=\"Tiempo de lectura\" \/>\n\t<meta name=\"twitter:data1\" content=\"2 minutes\" \/>\n<script type=\"application\/ld+json\" class=\"yoast-schema-graph\">{\"@context\":\"https:\\\/\\\/schema.org\",\"@graph\":[{\"@type\":\"WebPage\",\"@id\":\"https:\\\/\\\/nicoyaproperties.com\\\/es\\\/hotel-el-tajalin\\\/\",\"url\":\"https:\\\/\\\/nicoyaproperties.com\\\/es\\\/hotel-el-tajalin\\\/\",\"name\":\"Hotel El Tajal\u00edn - Nicoya Properties\",\"isPartOf\":{\"@id\":\"https:\\\/\\\/nicoyaproperties.com\\\/es\\\/#website\"},\"primaryImageOfPage\":{\"@id\":\"https:\\\/\\\/nicoyaproperties.com\\\/es\\\/hotel-el-tajalin\\\/#primaryimage\"},\"image\":{\"@id\":\"https:\\\/\\\/nicoyaproperties.com\\\/es\\\/hotel-el-tajalin\\\/#primaryimage\"},\"thumbnailUrl\":\"https:\\\/\\\/nicoyaproperties.com\\\/wp-content\\\/uploads\\\/2023\\\/01\\\/hotel-el-tajalain-148921_inscripcion-206x300.jpg\",\"datePublished\":\"2023-01-19T17:13:14+00:00\",\"dateModified\":\"2023-02-16T19:10:34+00:00\",\"breadcrumb\":{\"@id\":\"https:\\\/\\\/nicoyaproperties.com\\\/es\\\/hotel-el-tajalin\\\/#breadcrumb\"},\"inLanguage\":\"es-ES\",\"potentialAction\":[{\"@type\":\"ReadAction\",\"target\":[\"https:\\\/\\\/nicoyaproperties.com\\\/es\\\/hotel-el-tajalin\\\/\"]}]},{\"@type\":\"ImageObject\",\"inLanguage\":\"es-ES\",\"@id\":\"https:\\\/\\\/nicoyaproperties.com\\\/es\\\/hotel-el-tajalin\\\/#primaryimage\",\"url\":\"https:\\\/\\\/nicoyaproperties.com\\\/wp-content\\\/uploads\\\/2023\\\/01\\\/hotel-el-tajalain-148921_inscripcion-206x300.jpg\",\"contentUrl\":\"https:\\\/\\\/nicoyaproperties.com\\\/wp-content\\\/uploads\\\/2023\\\/01\\\/hotel-el-tajalain-148921_inscripcion-206x300.jpg\"},{\"@type\":\"BreadcrumbList\",\"@id\":\"https:\\\/\\\/nicoyaproperties.com\\\/es\\\/hotel-el-tajalin\\\/#breadcrumb\",\"itemListElement\":[{\"@type\":\"ListItem\",\"position\":1,\"name\":\"Home\",\"item\":\"https:\\\/\\\/nicoyaproperties.com\\\/es\\\/\"},{\"@type\":\"ListItem\",\"position\":2,\"name\":\"Hotel El Tajal\u00edn\"}]},{\"@type\":\"WebSite\",\"@id\":\"https:\\\/\\\/nicoyaproperties.com\\\/es\\\/#website\",\"url\":\"https:\\\/\\\/nicoyaproperties.com\\\/es\\\/\",\"name\":\"Nicoya Properties\",\"description\":\"Your dream property in the Nicoya Peninsula\",\"publisher\":{\"@id\":\"https:\\\/\\\/nicoyaproperties.com\\\/es\\\/#organization\"},\"potentialAction\":[{\"@type\":\"SearchAction\",\"target\":{\"@type\":\"EntryPoint\",\"urlTemplate\":\"https:\\\/\\\/nicoyaproperties.com\\\/es\\\/?s={search_term_string}\"},\"query-input\":{\"@type\":\"PropertyValueSpecification\",\"valueRequired\":true,\"valueName\":\"search_term_string\"}}],\"inLanguage\":\"es-ES\"},{\"@type\":\"Organization\",\"@id\":\"https:\\\/\\\/nicoyaproperties.com\\\/es\\\/#organization\",\"name\":\"Nicoya Properties\",\"url\":\"https:\\\/\\\/nicoyaproperties.com\\\/es\\\/\",\"logo\":{\"@type\":\"ImageObject\",\"inLanguage\":\"es-ES\",\"@id\":\"https:\\\/\\\/nicoyaproperties.com\\\/es\\\/#\\\/schema\\\/logo\\\/image\\\/\",\"url\":\"https:\\\/\\\/nicoyaproperties.com\\\/wp-content\\\/uploads\\\/2023\\\/12\\\/featured.jpg\",\"contentUrl\":\"https:\\\/\\\/nicoyaproperties.com\\\/wp-content\\\/uploads\\\/2023\\\/12\\\/featured.jpg\",\"width\":512,\"height\":245,\"caption\":\"Nicoya Properties\"},\"image\":{\"@id\":\"https:\\\/\\\/nicoyaproperties.com\\\/es\\\/#\\\/schema\\\/logo\\\/image\\\/\"}}]}<\/script>\n<!-- \/ Yoast SEO plugin. -->","yoast_head_json":{"title":"Hotel El Tajal\u00edn - Nicoya Properties","robots":{"index":"index","follow":"follow","max-snippet":"max-snippet:-1","max-image-preview":"max-image-preview:large","max-video-preview":"max-video-preview:-1"},"canonical":"https:\/\/nicoyaproperties.com\/es\/hotel-el-tajalin\/","og_locale":"es_ES","og_type":"article","og_title":"Hotel El Tajal\u00edn - Nicoya Properties","og_description":"Hotel El Tajal\u00edn Hotel el Tajal\u00edn se encuentra ubicado en el centro de Montezuma, frente al parque infantil y a 350 metros de la playa. Es un edificio de 2 pisos de 660 M2 cubiertos, cuenta con 12 habitaciones con ba\u00f1o privado y aire acondicionado, 2 habitaciones con ba\u00f1o compartido, una terraza con uso de [&hellip;]","og_url":"https:\/\/nicoyaproperties.com\/es\/hotel-el-tajalin\/","og_site_name":"Nicoya Properties","article_modified_time":"2023-02-16T19:10:34+00:00","og_image":[{"url":"https:\/\/nicoyaproperties.com\/wp-content\/uploads\/2023\/01\/hotel-el-tajalain-148921_inscripcion-206x300.jpg","type":"","width":"","height":""}],"twitter_misc":{"Tiempo de lectura":"2 minutes"},"schema":{"@context":"https:\/\/schema.org","@graph":[{"@type":"WebPage","@id":"https:\/\/nicoyaproperties.com\/es\/hotel-el-tajalin\/","url":"https:\/\/nicoyaproperties.com\/es\/hotel-el-tajalin\/","name":"Hotel El Tajal\u00edn - Nicoya Properties","isPartOf":{"@id":"https:\/\/nicoyaproperties.com\/es\/#website"},"primaryImageOfPage":{"@id":"https:\/\/nicoyaproperties.com\/es\/hotel-el-tajalin\/#primaryimage"},"image":{"@id":"https:\/\/nicoyaproperties.com\/es\/hotel-el-tajalin\/#primaryimage"},"thumbnailUrl":"https:\/\/nicoyaproperties.com\/wp-content\/uploads\/2023\/01\/hotel-el-tajalain-148921_inscripcion-206x300.jpg","datePublished":"2023-01-19T17:13:14+00:00","dateModified":"2023-02-16T19:10:34+00:00","breadcrumb":{"@id":"https:\/\/nicoyaproperties.com\/es\/hotel-el-tajalin\/#breadcrumb"},"inLanguage":"es-ES","potentialAction":[{"@type":"ReadAction","target":["https:\/\/nicoyaproperties.com\/es\/hotel-el-tajalin\/"]}]},{"@type":"ImageObject","inLanguage":"es-ES","@id":"https:\/\/nicoyaproperties.com\/es\/hotel-el-tajalin\/#primaryimage","url":"https:\/\/nicoyaproperties.com\/wp-content\/uploads\/2023\/01\/hotel-el-tajalain-148921_inscripcion-206x300.jpg","contentUrl":"https:\/\/nicoyaproperties.com\/wp-content\/uploads\/2023\/01\/hotel-el-tajalain-148921_inscripcion-206x300.jpg"},{"@type":"BreadcrumbList","@id":"https:\/\/nicoyaproperties.com\/es\/hotel-el-tajalin\/#breadcrumb","itemListElement":[{"@type":"ListItem","position":1,"name":"Home","item":"https:\/\/nicoyaproperties.com\/es\/"},{"@type":"ListItem","position":2,"name":"Hotel El Tajal\u00edn"}]},{"@type":"WebSite","@id":"https:\/\/nicoyaproperties.com\/es\/#website","url":"https:\/\/nicoyaproperties.com\/es\/","name":"Nicoya Properties","description":"Your dream property in the Nicoya Peninsula","publisher":{"@id":"https:\/\/nicoyaproperties.com\/es\/#organization"},"potentialAction":[{"@type":"SearchAction","target":{"@type":"EntryPoint","urlTemplate":"https:\/\/nicoyaproperties.com\/es\/?s={search_term_string}"},"query-input":{"@type":"PropertyValueSpecification","valueRequired":true,"valueName":"search_term_string"}}],"inLanguage":"es-ES"},{"@type":"Organization","@id":"https:\/\/nicoyaproperties.com\/es\/#organization","name":"Nicoya Properties","url":"https:\/\/nicoyaproperties.com\/es\/","logo":{"@type":"ImageObject","inLanguage":"es-ES","@id":"https:\/\/nicoyaproperties.com\/es\/#\/schema\/logo\/image\/","url":"https:\/\/nicoyaproperties.com\/wp-content\/uploads\/2023\/12\/featured.jpg","contentUrl":"https:\/\/nicoyaproperties.com\/wp-content\/uploads\/2023\/12\/featured.jpg","width":512,"height":245,"caption":"Nicoya Properties"},"image":{"@id":"https:\/\/nicoyaproperties.com\/es\/#\/schema\/logo\/image\/"}}]}},"_links":{"self":[{"href":"https:\/\/nicoyaproperties.com\/es\/wp-json\/wp\/v2\/pages\/5787","targetHints":{"allow":["GET"]}}],"collection":[{"href":"https:\/\/nicoyaproperties.com\/es\/wp-json\/wp\/v2\/pages"}],"about":[{"href":"https:\/\/nicoyaproperties.com\/es\/wp-json\/wp\/v2\/types\/page"}],"author":[{"embeddable":true,"href":"https:\/\/nicoyaproperties.com\/es\/wp-json\/wp\/v2\/users\/3"}],"replies":[{"embeddable":true,"href":"https:\/\/nicoyaproperties.com\/es\/wp-json\/wp\/v2\/comments?post=5787"}],"version-history":[{"count":8,"href":"https:\/\/nicoyaproperties.com\/es\/wp-json\/wp\/v2\/pages\/5787\/revisions"}],"predecessor-version":[{"id":5927,"href":"https:\/\/nicoyaproperties.com\/es\/wp-json\/wp\/v2\/pages\/5787\/revisions\/5927"}],"wp:attachment":[{"href":"https:\/\/nicoyaproperties.com\/es\/wp-json\/wp\/v2\/media?parent=5787"}],"curies":[{"name":"wp","href":"https:\/\/api.w.org\/{rel}","templated":true}]}}